{"id":2213,"date":"2022-06-03T23:24:43","date_gmt":"2022-06-03T21:24:43","guid":{"rendered":"https:\/\/bodpol24.pl\/produkt\/peleciarka-szybkoobrotowa\/"},"modified":"2023-10-01T00:02:56","modified_gmt":"2023-09-30T22:02:56","slug":"hochdrehende-pelletpresse","status":"publish","type":"product","link":"https:\/\/bodpol24.pl\/de\/produkt\/hochdrehende-pelletpresse\/","title":{"rendered":"Hochdrehende Pelletpresse"},"content":{"rendered":"<p>Die Pelletpresse mit Drehmatrize (hochdrehend) ist ein f\u00fcr Holindustrie konzipiertes Ger\u00e4t. Die Maschine dient zur Herstellung vom Heiz-Pellet und Fertigung vom Pflanzend\u00fcnger. Das Modell wird f\u00fcr Weichholz wie Fichte, Kiefer oder L\u00e4rche empfohlen.<\/p>\n<p><strong>Leistungsf\u00e4higkeit<\/strong><br \/>\nMithilfe der hochdrehenden Pelletpresse werden Sie bis zu 80 kg Brennstoff (S\u00e4gesp\u00e4ne) pro Stunde verarbeiten. Das Ger\u00e4t erlaubt es also, Zeit und Geld zu sparen. Auch der Stromverbrauch ist niedrig.<\/p>\n<p><strong>Eine \u00f6kologische L\u00f6sung<\/strong><br \/>\nDie Pelletpresse macht es m\u00f6glich, Brennstoff umweltfreundlich herzustellen. Das Pellet von hochwertiger Qualit\u00e4t k\u00f6nnen Sie aus Papier oder S\u00e4gesp\u00e4nen fertigen. Eine naturnah gestaltete Lebensweise lohnt sich bestimmt!<\/p>\n<p><strong>Funktionsweise<\/strong><br \/>\nDas Ger\u00e4t erhitzt das Material auf die Temperatur von 80\u00b0C. Dann wird der Inhalt durch die Matrize gepresst. So erhalten Sie auf eine bequeme und einfache Weise fest verpresstes, haltbares Pellet. Das fertigte Produkt kann dann in S\u00e4cken abgef\u00fcllt werden.<\/p>\n<p><strong>Jahrelange Robustheit<\/strong><br \/>\nDie Pelletpresse zeichnet sich durch einen haltbaren und robusten Aufbau aus. Gefertigt wurde sie aus verzinktem Stahlblech. Das sorgt f\u00fcr eine lange, problemlose Lebensdauer.<\/p>\n<p><strong>Vorz\u00fcgliche Parameter<\/strong><br \/>\nDas Ger\u00e4t wurde mit einem Elektromotor mit der Leistung von 7.5 kW ausger\u00fcstet. Durch Anwendung der beweglichen Matrize, der starken \u00dcbertragung und des leistungsstarken Motors sind die M\u00f6glichkeiten der Maschine unbeschr\u00e4nkt. Der solide Aufbau gew\u00e4hrleistet st\u00f6rungsfreie Arbeit 24 Stunden lang! Au\u00dferdem ist die Bedienung intuitiv einfach.<\/p>\n<p><strong>Leistungsf\u00e4higkeit<\/strong><br \/>\nLeistung 4kW = 60-80kg\/h<\/p>\n<p>Leistung 7,5kW = 80-120kg\/h<\/p>\n<p>Leistung 11kW = 120-200kg\/h<\/p>\n<p>Leistung 15kW = 160-250kg\/h<\/p>\n<p>Leistung 22kW = 250-320kg\/h<\/p>\n<p>Leistung 22kW = 320-380kg\/h<\/p>\n<p>Leistung 30kW = 400-640kg\/h<\/p>\n<p><strong>Bestellen Sie schon heute!<\/strong><\/p>\n","protected":false},"excerpt":{"rendered":"<p>Die Pelletpresse mit Drehmatrize (hochdrehend) ist ein f\u00fcr Holindustrie konzipiertes Ger\u00e4t. Die Maschine dient zur Herstellung vom Heiz-Pellet und Fertigung vom Pflanzend\u00fcnger. Das Modell wird f\u00fcr Weichholz wie Fichte, Kiefer oder L\u00e4rche empfohlen. Leistungsf\u00e4higkeit Mithilfe der hochdrehenden Pelletpresse werden Sie bis zu 80 kg Brennstoff (S\u00e4gesp\u00e4ne) pro Stunde verarbeiten. Das Ger\u00e4t erlaubt es also, Zeit [&hellip;]<\/p>\n","protected":false},"featured_media":2113,"comment_status":"closed","ping_status":"closed","template":"","meta":{"site-sidebar-layout":"default","site-content-layout":"default","ast-site-content-layout":"default","site-content-style":"default","site-sidebar-style":"default","ast-global-header-display":"","ast-banner-title-visibility":"","ast-main-header-display":"","ast-hfb-above-header-display":"","ast-hfb-below-header-display":"","ast-hfb-mobile-header-display":"","site-post-title":"","ast-breadcrumbs-content":"","ast-featured-img":"","footer-sml-layout":"","theme-transparent-header-meta":"default","adv-header-id-meta":"","stick-header-meta":"","header-above-stick-meta":"","header-main-stick-meta":"","header-below-stick-meta":"","astra-migrate-meta-layouts":"default","ast-page-background-enabled":"default","ast-page-background-meta":{"desktop":{"background-color":"","background-image":"","background-repeat":"repeat","background-position":"center center","background-size":"auto","background-attachment":"scroll","background-type":"","background-media":"","overlay-type":"","overlay-color":"","overlay-opacity":"","overlay-gradient":""},"tablet":{"background-color":"","background-image":"","background-repeat":"repeat","background-position":"center center","background-size":"auto","background-attachment":"scroll","background-type":"","background-media":"","overlay-type":"","overlay-color":"","overlay-opacity":"","overlay-gradient":""},"mobile":{"background-color":"","background-image":"","background-repeat":"repeat","background-position":"center center","background-size":"auto","background-attachment":"scroll","background-type":"","background-media":"","overlay-type":"","overlay-color":"","overlay-opacity":"","overlay-gradient":""}},"ast-content-background-meta":{"desktop":{"background-color":"var(--ast-global-color-5)","background-image":"","background-repeat":"repeat","background-position":"center center","background-size":"auto","background-attachment":"scroll","background-type":"","background-media":"","overlay-type":"","overlay-color":"","overlay-opacity":"","overlay-gradient":""},"tablet":{"background-color":"var(--ast-global-color-5)","background-image":"","background-repeat":"repeat","background-position":"center center","background-size":"auto","background-attachment":"scroll","background-type":"","background-media":"","overlay-type":"","overlay-color":"","overlay-opacity":"","overlay-gradient":""},"mobile":{"background-color":"var(--ast-global-color-5)","background-image":"","background-repeat":"repeat","background-position":"center center","background-size":"auto","background-attachment":"scroll","background-type":"","background-media":"","overlay-type":"","overlay-color":"","overlay-opacity":"","overlay-gradient":""}}},"product_cat":[74],"product_tag":[],"class_list":{"0":"post-2213","1":"product","2":"type-product","3":"status-publish","4":"has-post-thumbnail","6":"product_cat-bez-kategorii-de","7":"desktop-align-left","8":"tablet-align-left","9":"mobile-align-left","11":"first","12":"instock","13":"sale","14":"taxable","15":"shipping-taxable","16":"purchasable","17":"product-type-variable"},"yoast_head":"<!-- This site is optimized with the Yoast SEO Premium plugin v23.9 (Yoast SEO v25.6) - https:\/\/yoast.com\/wordpress\/plugins\/seo\/ -->\n<title>Hochdrehende Pelletpresse - BOD-POL<\/title>\n<meta name=\"robots\" content=\"index, follow, max-snippet:-1, max-image-preview:large, max-video-preview:-1\" \/>\n<link rel=\"canonical\" href=\"https:\/\/bodpol24.pl\/de\/produkt\/hochdrehende-pelletpresse\/\" \/>\n<meta property=\"og:locale\" content=\"de_DE\" \/>\n<meta property=\"og:type\" content=\"article\" \/>\n<meta property=\"og:title\" content=\"Hochdrehende Pelletpresse\" \/>\n<meta property=\"og:description\" content=\"Die Pelletpresse mit Drehmatrize (hochdrehend) ist ein f\u00fcr Holindustrie konzipiertes Ger\u00e4t. Die Maschine dient zur Herstellung vom Heiz-Pellet und Fertigung vom Pflanzend\u00fcnger. Das Modell wird f\u00fcr Weichholz wie Fichte, Kiefer oder L\u00e4rche empfohlen. Leistungsf\u00e4higkeit Mithilfe der hochdrehenden Pelletpresse werden Sie bis zu 80 kg Brennstoff (S\u00e4gesp\u00e4ne) pro Stunde verarbeiten. Das Ger\u00e4t erlaubt es also, Zeit [&hellip;]\" \/>\n<meta property=\"og:url\" content=\"https:\/\/bodpol24.pl\/de\/produkt\/hochdrehende-pelletpresse\/\" \/>\n<meta property=\"og:site_name\" content=\"BOD-POL\" \/>\n<meta property=\"article:publisher\" content=\"https:\/\/www.facebook.com\/profile.php?id=100083361699380\" \/>\n<meta property=\"article:modified_time\" content=\"2023-09-30T22:02:56+00:00\" \/>\n<meta property=\"og:image\" content=\"https:\/\/bodpol24.pl\/wp-content\/uploads\/2022\/07\/peleciarka-szybkoobrotowa-5.jpg\" \/>\n\t<meta property=\"og:image:width\" content=\"1200\" \/>\n\t<meta property=\"og:image:height\" content=\"800\" \/>\n\t<meta property=\"og:image:type\" content=\"image\/jpeg\" \/>\n<meta name=\"twitter:card\" content=\"summary_large_image\" \/>\n<meta name=\"twitter:label1\" content=\"Gesch\u00e4tzte Lesezeit\" \/>\n\t<meta name=\"twitter:data1\" content=\"1\u00a0Minute\" \/>\n<script type=\"application\/ld+json\" class=\"yoast-schema-graph\">{\"@context\":\"https:\/\/schema.org\",\"@graph\":[{\"@type\":\"WebPage\",\"@id\":\"https:\/\/bodpol24.pl\/de\/produkt\/hochdrehende-pelletpresse\/\",\"url\":\"https:\/\/bodpol24.pl\/de\/produkt\/hochdrehende-pelletpresse\/\",\"name\":\"Hochdrehende Pelletpresse - BOD-POL\",\"isPartOf\":{\"@id\":\"https:\/\/bodpol24.pl\/de\/#website\"},\"primaryImageOfPage\":{\"@id\":\"https:\/\/bodpol24.pl\/de\/produkt\/hochdrehende-pelletpresse\/#primaryimage\"},\"image\":{\"@id\":\"https:\/\/bodpol24.pl\/de\/produkt\/hochdrehende-pelletpresse\/#primaryimage\"},\"thumbnailUrl\":\"https:\/\/bodpol24.pl\/wp-content\/uploads\/2022\/07\/peleciarka-szybkoobrotowa-5.jpg\",\"datePublished\":\"2022-06-03T21:24:43+00:00\",\"dateModified\":\"2023-09-30T22:02:56+00:00\",\"breadcrumb\":{\"@id\":\"https:\/\/bodpol24.pl\/de\/produkt\/hochdrehende-pelletpresse\/#breadcrumb\"},\"inLanguage\":\"de\",\"potentialAction\":[{\"@type\":\"ReadAction\",\"target\":[\"https:\/\/bodpol24.pl\/de\/produkt\/hochdrehende-pelletpresse\/\"]}]},{\"@type\":\"ImageObject\",\"inLanguage\":\"de\",\"@id\":\"https:\/\/bodpol24.pl\/de\/produkt\/hochdrehende-pelletpresse\/#primaryimage\",\"url\":\"https:\/\/bodpol24.pl\/wp-content\/uploads\/2022\/07\/peleciarka-szybkoobrotowa-5.jpg\",\"contentUrl\":\"https:\/\/bodpol24.pl\/wp-content\/uploads\/2022\/07\/peleciarka-szybkoobrotowa-5.jpg\",\"width\":1200,\"height\":800},{\"@type\":\"BreadcrumbList\",\"@id\":\"https:\/\/bodpol24.pl\/de\/produkt\/hochdrehende-pelletpresse\/#breadcrumb\",\"itemListElement\":[{\"@type\":\"ListItem\",\"position\":1,\"name\":\"Strona g\u0142\u00f3wna\",\"item\":\"https:\/\/bodpol24.pl\/de\/sklep-online\/\"},{\"@type\":\"ListItem\",\"position\":2,\"name\":\"Shop\",\"item\":\"https:\/\/bodpol24.pl\/de\/shop\/\"},{\"@type\":\"ListItem\",\"position\":3,\"name\":\"Hochdrehende Pelletpresse\"}]},{\"@type\":\"WebSite\",\"@id\":\"https:\/\/bodpol24.pl\/de\/#website\",\"url\":\"https:\/\/bodpol24.pl\/de\/\",\"name\":\"BOD-POL\",\"description\":\"Maszyny dla twojej firmy\",\"publisher\":{\"@id\":\"https:\/\/bodpol24.pl\/de\/#organization\"},\"potentialAction\":[{\"@type\":\"SearchAction\",\"target\":{\"@type\":\"EntryPoint\",\"urlTemplate\":\"https:\/\/bodpol24.pl\/de\/?s={search_term_string}\"},\"query-input\":{\"@type\":\"PropertyValueSpecification\",\"valueRequired\":true,\"valueName\":\"search_term_string\"}}],\"inLanguage\":\"de\"},{\"@type\":\"Organization\",\"@id\":\"https:\/\/bodpol24.pl\/de\/#organization\",\"name\":\"BOD-POL\",\"url\":\"https:\/\/bodpol24.pl\/de\/\",\"logo\":{\"@type\":\"ImageObject\",\"inLanguage\":\"de\",\"@id\":\"https:\/\/bodpol24.pl\/de\/#\/schema\/logo\/image\/\",\"url\":\"https:\/\/bodpol24.pl\/wp-content\/uploads\/2022\/06\/cropped-logo-bodpol24.png\",\"contentUrl\":\"https:\/\/bodpol24.pl\/wp-content\/uploads\/2022\/06\/cropped-logo-bodpol24.png\",\"width\":512,\"height\":512,\"caption\":\"BOD-POL\"},\"image\":{\"@id\":\"https:\/\/bodpol24.pl\/de\/#\/schema\/logo\/image\/\"},\"sameAs\":[\"https:\/\/www.facebook.com\/profile.php?id=100083361699380\"]}]}<\/script>\n<!-- \/ Yoast SEO Premium plugin. -->","yoast_head_json":{"title":"Hochdrehende Pelletpresse - BOD-POL","robots":{"index":"index","follow":"follow","max-snippet":"max-snippet:-1","max-image-preview":"max-image-preview:large","max-video-preview":"max-video-preview:-1"},"canonical":"https:\/\/bodpol24.pl\/de\/produkt\/hochdrehende-pelletpresse\/","og_locale":"de_DE","og_type":"article","og_title":"Hochdrehende Pelletpresse","og_description":"Die Pelletpresse mit Drehmatrize (hochdrehend) ist ein f\u00fcr Holindustrie konzipiertes Ger\u00e4t. Die Maschine dient zur Herstellung vom Heiz-Pellet und Fertigung vom Pflanzend\u00fcnger. Das Modell wird f\u00fcr Weichholz wie Fichte, Kiefer oder L\u00e4rche empfohlen. Leistungsf\u00e4higkeit Mithilfe der hochdrehenden Pelletpresse werden Sie bis zu 80 kg Brennstoff (S\u00e4gesp\u00e4ne) pro Stunde verarbeiten. Das Ger\u00e4t erlaubt es also, Zeit [&hellip;]","og_url":"https:\/\/bodpol24.pl\/de\/produkt\/hochdrehende-pelletpresse\/","og_site_name":"BOD-POL","article_publisher":"https:\/\/www.facebook.com\/profile.php?id=100083361699380","article_modified_time":"2023-09-30T22:02:56+00:00","og_image":[{"width":1200,"height":800,"url":"https:\/\/bodpol24.pl\/wp-content\/uploads\/2022\/07\/peleciarka-szybkoobrotowa-5.jpg","type":"image\/jpeg"}],"twitter_card":"summary_large_image","twitter_misc":{"Gesch\u00e4tzte Lesezeit":"1\u00a0Minute"},"schema":{"@context":"https:\/\/schema.org","@graph":[{"@type":"WebPage","@id":"https:\/\/bodpol24.pl\/de\/produkt\/hochdrehende-pelletpresse\/","url":"https:\/\/bodpol24.pl\/de\/produkt\/hochdrehende-pelletpresse\/","name":"Hochdrehende Pelletpresse - BOD-POL","isPartOf":{"@id":"https:\/\/bodpol24.pl\/de\/#website"},"primaryImageOfPage":{"@id":"https:\/\/bodpol24.pl\/de\/produkt\/hochdrehende-pelletpresse\/#primaryimage"},"image":{"@id":"https:\/\/bodpol24.pl\/de\/produkt\/hochdrehende-pelletpresse\/#primaryimage"},"thumbnailUrl":"https:\/\/bodpol24.pl\/wp-content\/uploads\/2022\/07\/peleciarka-szybkoobrotowa-5.jpg","datePublished":"2022-06-03T21:24:43+00:00","dateModified":"2023-09-30T22:02:56+00:00","breadcrumb":{"@id":"https:\/\/bodpol24.pl\/de\/produkt\/hochdrehende-pelletpresse\/#breadcrumb"},"inLanguage":"de","potentialAction":[{"@type":"ReadAction","target":["https:\/\/bodpol24.pl\/de\/produkt\/hochdrehende-pelletpresse\/"]}]},{"@type":"ImageObject","inLanguage":"de","@id":"https:\/\/bodpol24.pl\/de\/produkt\/hochdrehende-pelletpresse\/#primaryimage","url":"https:\/\/bodpol24.pl\/wp-content\/uploads\/2022\/07\/peleciarka-szybkoobrotowa-5.jpg","contentUrl":"https:\/\/bodpol24.pl\/wp-content\/uploads\/2022\/07\/peleciarka-szybkoobrotowa-5.jpg","width":1200,"height":800},{"@type":"BreadcrumbList","@id":"https:\/\/bodpol24.pl\/de\/produkt\/hochdrehende-pelletpresse\/#breadcrumb","itemListElement":[{"@type":"ListItem","position":1,"name":"Strona g\u0142\u00f3wna","item":"https:\/\/bodpol24.pl\/de\/sklep-online\/"},{"@type":"ListItem","position":2,"name":"Shop","item":"https:\/\/bodpol24.pl\/de\/shop\/"},{"@type":"ListItem","position":3,"name":"Hochdrehende Pelletpresse"}]},{"@type":"WebSite","@id":"https:\/\/bodpol24.pl\/de\/#website","url":"https:\/\/bodpol24.pl\/de\/","name":"BOD-POL","description":"Maszyny dla twojej firmy","publisher":{"@id":"https:\/\/bodpol24.pl\/de\/#organization"},"potentialAction":[{"@type":"SearchAction","target":{"@type":"EntryPoint","urlTemplate":"https:\/\/bodpol24.pl\/de\/?s={search_term_string}"},"query-input":{"@type":"PropertyValueSpecification","valueRequired":true,"valueName":"search_term_string"}}],"inLanguage":"de"},{"@type":"Organization","@id":"https:\/\/bodpol24.pl\/de\/#organization","name":"BOD-POL","url":"https:\/\/bodpol24.pl\/de\/","logo":{"@type":"ImageObject","inLanguage":"de","@id":"https:\/\/bodpol24.pl\/de\/#\/schema\/logo\/image\/","url":"https:\/\/bodpol24.pl\/wp-content\/uploads\/2022\/06\/cropped-logo-bodpol24.png","contentUrl":"https:\/\/bodpol24.pl\/wp-content\/uploads\/2022\/06\/cropped-logo-bodpol24.png","width":512,"height":512,"caption":"BOD-POL"},"image":{"@id":"https:\/\/bodpol24.pl\/de\/#\/schema\/logo\/image\/"},"sameAs":["https:\/\/www.facebook.com\/profile.php?id=100083361699380"]}]}},"_links":{"self":[{"href":"https:\/\/bodpol24.pl\/de\/wp-json\/wp\/v2\/product\/2213"}],"collection":[{"href":"https:\/\/bodpol24.pl\/de\/wp-json\/wp\/v2\/product"}],"about":[{"href":"https:\/\/bodpol24.pl\/de\/wp-json\/wp\/v2\/types\/product"}],"replies":[{"embeddable":true,"href":"https:\/\/bodpol24.pl\/de\/wp-json\/wp\/v2\/comments?post=2213"}],"wp:featuredmedia":[{"embeddable":true,"href":"https:\/\/bodpol24.pl\/de\/wp-json\/wp\/v2\/media\/2113"}],"wp:attachment":[{"href":"https:\/\/bodpol24.pl\/de\/wp-json\/wp\/v2\/media?parent=2213"}],"wp:term":[{"taxonomy":"product_cat","embeddable":true,"href":"https:\/\/bodpol24.pl\/de\/wp-json\/wp\/v2\/product_cat?post=2213"},{"taxonomy":"product_tag","embeddable":true,"href":"https:\/\/bodpol24.pl\/de\/wp-json\/wp\/v2\/product_tag?post=2213"}],"curies":[{"name":"wp","href":"https:\/\/api.w.org\/{rel}","templated":true}]}}