{"id":2203,"date":"2022-06-03T23:26:37","date_gmt":"2022-06-03T21:26:37","guid":{"rendered":"https:\/\/bodpol24.pl\/produkt\/peleciarka-wolnoobrotowa\/"},"modified":"2023-10-01T00:02:56","modified_gmt":"2023-09-30T22:02:56","slug":"pelletpresse-mit-niedriger-drehzahl","status":"publish","type":"product","link":"https:\/\/bodpol24.pl\/de\/produkt\/pelletpresse-mit-niedriger-drehzahl\/","title":{"rendered":"Pelletpresse mit niedriger Drehzahl"},"content":{"rendered":"<p>Die Pelletpresse mit niedriger Drehzahl ist f\u00fcr Herstellung von Heiz-Pellet und Tierfutter bestimmt. Das Ger\u00e4t eignet sich zur Pelletierung von hartem und schwer zu verarbeitendem Holz wie Buche oder Eiche. Das Modell wurde mit praktischen und mobilen Rollen ausger\u00fcstet.<\/p>\n<p>Die Maschine erlaubt Granulierung k\u00f6rniger Materialien mit gro\u00dfem Druck. Es wird ein Granulat mit einem Durchmesser von bis zu 19 mm hergestellt. Die Presse wird sich in einem Haushalt oder bei einem Kleinunternehmen bew\u00e4hren, das sich mit Holverarbeitung oder Landwirtschaft besch\u00e4ftigt.<\/p>\n<p>Das Modell wurde mit einer Matrize mit 4, 6 oder 8 \u00d6ffnungen ausger\u00fcstet. Durch drehende Walzen presst die Maschine das Material zusammen und dr\u00fcckt es in die Matrize hinein. Mit einem zus\u00e4tzlichen Schutzelement wird Sicherheit gegen Einwerfen vor unerw\u00fcnschten oder zu gro\u00dfen St\u00fccken erzielt.<\/p>\n<p><strong>Intuitive Bedienung<\/strong><br \/>\nDas Modell ist intuitiv bedienbar und zeichnet sich durch hohe Effektivit\u00e4t aus. Es wurde mit einem einfachen Steuerpult und einem Notausschalter ausgestattet.<\/p>\n<p><strong>Vorz\u00fcgliche Paramete<\/strong>r<br \/>\nDie hohe Motorleistung hat eine gute Leistungsf\u00e4higkeit der Presse zur Folge. Das Ger\u00e4t erm\u00f6glicht die Herstellung von 100kg Tierfutter oder 90kg Heiz-Pellet pro Stunde. In Betrieb erhitzt das Ger\u00e4t das Material auf 80\u00b0C.<\/p>\n<p><strong>Leistungsf\u00e4higkeit<\/strong><br \/>\nLeistung 7,5kW = 80-120kg\/h<\/p>\n<p>Leistung 11kW = 120-200kg\/h<\/p>\n<p>Leistung 15kW = 160-250kg\/h<\/p>\n<p>Leistung 22kW = 250-320kg\/h<\/p>\n<p>Leistung 30kW = 400-640kg\/h<\/p>\n<p><strong>Bestellen Sie schon heute!<\/strong><\/p>\n","protected":false},"excerpt":{"rendered":"<p>Die Pelletpresse mit niedriger Drehzahl ist f\u00fcr Herstellung von Heiz-Pellet und Tierfutter bestimmt. Das Ger\u00e4t eignet sich zur Pelletierung von hartem und schwer zu verarbeitendem Holz wie Buche oder Eiche. Das Modell wurde mit praktischen und mobilen Rollen ausger\u00fcstet. Die Maschine erlaubt Granulierung k\u00f6rniger Materialien mit gro\u00dfem Druck. Es wird ein Granulat mit einem Durchmesser [&hellip;]<\/p>\n","protected":false},"featured_media":2109,"comment_status":"closed","ping_status":"closed","template":"","meta":{"site-sidebar-layout":"default","site-content-layout":"default","ast-site-content-layout":"default","site-content-style":"default","site-sidebar-style":"default","ast-global-header-display":"","ast-banner-title-visibility":"","ast-main-header-display":"","ast-hfb-above-header-display":"","ast-hfb-below-header-display":"","ast-hfb-mobile-header-display":"","site-post-title":"","ast-breadcrumbs-content":"","ast-featured-img":"","footer-sml-layout":"","theme-transparent-header-meta":"default","adv-header-id-meta":"","stick-header-meta":"","header-above-stick-meta":"","header-main-stick-meta":"","header-below-stick-meta":"","astra-migrate-meta-layouts":"default","ast-page-background-enabled":"default","ast-page-background-meta":{"desktop":{"background-color":"","background-image":"","background-repeat":"repeat","background-position":"center center","background-size":"auto","background-attachment":"scroll","background-type":"","background-media":"","overlay-type":"","overlay-color":"","overlay-opacity":"","overlay-gradient":""},"tablet":{"background-color":"","background-image":"","background-repeat":"repeat","background-position":"center center","background-size":"auto","background-attachment":"scroll","background-type":"","background-media":"","overlay-type":"","overlay-color":"","overlay-opacity":"","overlay-gradient":""},"mobile":{"background-color":"","background-image":"","background-repeat":"repeat","background-position":"center center","background-size":"auto","background-attachment":"scroll","background-type":"","background-media":"","overlay-type":"","overlay-color":"","overlay-opacity":"","overlay-gradient":""}},"ast-content-background-meta":{"desktop":{"background-color":"var(--ast-global-color-5)","background-image":"","background-repeat":"repeat","background-position":"center center","background-size":"auto","background-attachment":"scroll","background-type":"","background-media":"","overlay-type":"","overlay-color":"","overlay-opacity":"","overlay-gradient":""},"tablet":{"background-color":"var(--ast-global-color-5)","background-image":"","background-repeat":"repeat","background-position":"center center","background-size":"auto","background-attachment":"scroll","background-type":"","background-media":"","overlay-type":"","overlay-color":"","overlay-opacity":"","overlay-gradient":""},"mobile":{"background-color":"var(--ast-global-color-5)","background-image":"","background-repeat":"repeat","background-position":"center center","background-size":"auto","background-attachment":"scroll","background-type":"","background-media":"","overlay-type":"","overlay-color":"","overlay-opacity":"","overlay-gradient":""}}},"product_cat":[74],"product_tag":[],"class_list":{"0":"post-2203","1":"product","2":"type-product","3":"status-publish","4":"has-post-thumbnail","6":"product_cat-bez-kategorii-de","7":"desktop-align-left","8":"tablet-align-left","9":"mobile-align-left","11":"first","12":"instock","13":"sale","14":"taxable","15":"shipping-taxable","16":"purchasable","17":"product-type-variable"},"yoast_head":"<!-- This site is optimized with the Yoast SEO Premium plugin v23.9 (Yoast SEO v25.6) - https:\/\/yoast.com\/wordpress\/plugins\/seo\/ -->\n<title>Pelletpresse mit niedriger Drehzahl - BOD-POL<\/title>\n<meta name=\"robots\" content=\"index, follow, max-snippet:-1, max-image-preview:large, max-video-preview:-1\" \/>\n<link rel=\"canonical\" href=\"https:\/\/bodpol24.pl\/de\/produkt\/pelletpresse-mit-niedriger-drehzahl\/\" \/>\n<meta property=\"og:locale\" content=\"de_DE\" \/>\n<meta property=\"og:type\" content=\"article\" \/>\n<meta property=\"og:title\" content=\"Pelletpresse mit niedriger Drehzahl\" \/>\n<meta property=\"og:description\" content=\"Die Pelletpresse mit niedriger Drehzahl ist f\u00fcr Herstellung von Heiz-Pellet und Tierfutter bestimmt. Das Ger\u00e4t eignet sich zur Pelletierung von hartem und schwer zu verarbeitendem Holz wie Buche oder Eiche. Das Modell wurde mit praktischen und mobilen Rollen ausger\u00fcstet. Die Maschine erlaubt Granulierung k\u00f6rniger Materialien mit gro\u00dfem Druck. Es wird ein Granulat mit einem Durchmesser [&hellip;]\" \/>\n<meta property=\"og:url\" content=\"https:\/\/bodpol24.pl\/de\/produkt\/pelletpresse-mit-niedriger-drehzahl\/\" \/>\n<meta property=\"og:site_name\" content=\"BOD-POL\" \/>\n<meta property=\"article:publisher\" content=\"https:\/\/www.facebook.com\/profile.php?id=100083361699380\" \/>\n<meta property=\"article:modified_time\" content=\"2023-09-30T22:02:56+00:00\" \/>\n<meta property=\"og:image\" content=\"https:\/\/bodpol24.pl\/wp-content\/uploads\/2022\/07\/peleciarka-wolnoobrotowa.jpg\" \/>\n\t<meta property=\"og:image:width\" content=\"1200\" \/>\n\t<meta property=\"og:image:height\" content=\"800\" \/>\n\t<meta property=\"og:image:type\" content=\"image\/jpeg\" \/>\n<meta name=\"twitter:card\" content=\"summary_large_image\" \/>\n<meta name=\"twitter:label1\" content=\"Gesch\u00e4tzte Lesezeit\" \/>\n\t<meta name=\"twitter:data1\" content=\"1\u00a0Minute\" \/>\n<script type=\"application\/ld+json\" class=\"yoast-schema-graph\">{\"@context\":\"https:\/\/schema.org\",\"@graph\":[{\"@type\":\"WebPage\",\"@id\":\"https:\/\/bodpol24.pl\/de\/produkt\/pelletpresse-mit-niedriger-drehzahl\/\",\"url\":\"https:\/\/bodpol24.pl\/de\/produkt\/pelletpresse-mit-niedriger-drehzahl\/\",\"name\":\"Pelletpresse mit niedriger Drehzahl - BOD-POL\",\"isPartOf\":{\"@id\":\"https:\/\/bodpol24.pl\/de\/#website\"},\"primaryImageOfPage\":{\"@id\":\"https:\/\/bodpol24.pl\/de\/produkt\/pelletpresse-mit-niedriger-drehzahl\/#primaryimage\"},\"image\":{\"@id\":\"https:\/\/bodpol24.pl\/de\/produkt\/pelletpresse-mit-niedriger-drehzahl\/#primaryimage\"},\"thumbnailUrl\":\"https:\/\/bodpol24.pl\/wp-content\/uploads\/2022\/07\/peleciarka-wolnoobrotowa.jpg\",\"datePublished\":\"2022-06-03T21:26:37+00:00\",\"dateModified\":\"2023-09-30T22:02:56+00:00\",\"breadcrumb\":{\"@id\":\"https:\/\/bodpol24.pl\/de\/produkt\/pelletpresse-mit-niedriger-drehzahl\/#breadcrumb\"},\"inLanguage\":\"de\",\"potentialAction\":[{\"@type\":\"ReadAction\",\"target\":[\"https:\/\/bodpol24.pl\/de\/produkt\/pelletpresse-mit-niedriger-drehzahl\/\"]}]},{\"@type\":\"ImageObject\",\"inLanguage\":\"de\",\"@id\":\"https:\/\/bodpol24.pl\/de\/produkt\/pelletpresse-mit-niedriger-drehzahl\/#primaryimage\",\"url\":\"https:\/\/bodpol24.pl\/wp-content\/uploads\/2022\/07\/peleciarka-wolnoobrotowa.jpg\",\"contentUrl\":\"https:\/\/bodpol24.pl\/wp-content\/uploads\/2022\/07\/peleciarka-wolnoobrotowa.jpg\",\"width\":1200,\"height\":800},{\"@type\":\"BreadcrumbList\",\"@id\":\"https:\/\/bodpol24.pl\/de\/produkt\/pelletpresse-mit-niedriger-drehzahl\/#breadcrumb\",\"itemListElement\":[{\"@type\":\"ListItem\",\"position\":1,\"name\":\"Strona g\u0142\u00f3wna\",\"item\":\"https:\/\/bodpol24.pl\/de\/sklep-online\/\"},{\"@type\":\"ListItem\",\"position\":2,\"name\":\"Shop\",\"item\":\"https:\/\/bodpol24.pl\/de\/shop\/\"},{\"@type\":\"ListItem\",\"position\":3,\"name\":\"Pelletpresse mit niedriger Drehzahl\"}]},{\"@type\":\"WebSite\",\"@id\":\"https:\/\/bodpol24.pl\/de\/#website\",\"url\":\"https:\/\/bodpol24.pl\/de\/\",\"name\":\"BOD-POL\",\"description\":\"Maszyny dla twojej firmy\",\"publisher\":{\"@id\":\"https:\/\/bodpol24.pl\/de\/#organization\"},\"potentialAction\":[{\"@type\":\"SearchAction\",\"target\":{\"@type\":\"EntryPoint\",\"urlTemplate\":\"https:\/\/bodpol24.pl\/de\/?s={search_term_string}\"},\"query-input\":{\"@type\":\"PropertyValueSpecification\",\"valueRequired\":true,\"valueName\":\"search_term_string\"}}],\"inLanguage\":\"de\"},{\"@type\":\"Organization\",\"@id\":\"https:\/\/bodpol24.pl\/de\/#organization\",\"name\":\"BOD-POL\",\"url\":\"https:\/\/bodpol24.pl\/de\/\",\"logo\":{\"@type\":\"ImageObject\",\"inLanguage\":\"de\",\"@id\":\"https:\/\/bodpol24.pl\/de\/#\/schema\/logo\/image\/\",\"url\":\"https:\/\/bodpol24.pl\/wp-content\/uploads\/2022\/06\/cropped-logo-bodpol24.png\",\"contentUrl\":\"https:\/\/bodpol24.pl\/wp-content\/uploads\/2022\/06\/cropped-logo-bodpol24.png\",\"width\":512,\"height\":512,\"caption\":\"BOD-POL\"},\"image\":{\"@id\":\"https:\/\/bodpol24.pl\/de\/#\/schema\/logo\/image\/\"},\"sameAs\":[\"https:\/\/www.facebook.com\/profile.php?id=100083361699380\"]}]}<\/script>\n<!-- \/ Yoast SEO Premium plugin. -->","yoast_head_json":{"title":"Pelletpresse mit niedriger Drehzahl - BOD-POL","robots":{"index":"index","follow":"follow","max-snippet":"max-snippet:-1","max-image-preview":"max-image-preview:large","max-video-preview":"max-video-preview:-1"},"canonical":"https:\/\/bodpol24.pl\/de\/produkt\/pelletpresse-mit-niedriger-drehzahl\/","og_locale":"de_DE","og_type":"article","og_title":"Pelletpresse mit niedriger Drehzahl","og_description":"Die Pelletpresse mit niedriger Drehzahl ist f\u00fcr Herstellung von Heiz-Pellet und Tierfutter bestimmt. Das Ger\u00e4t eignet sich zur Pelletierung von hartem und schwer zu verarbeitendem Holz wie Buche oder Eiche. Das Modell wurde mit praktischen und mobilen Rollen ausger\u00fcstet. Die Maschine erlaubt Granulierung k\u00f6rniger Materialien mit gro\u00dfem Druck. Es wird ein Granulat mit einem Durchmesser [&hellip;]","og_url":"https:\/\/bodpol24.pl\/de\/produkt\/pelletpresse-mit-niedriger-drehzahl\/","og_site_name":"BOD-POL","article_publisher":"https:\/\/www.facebook.com\/profile.php?id=100083361699380","article_modified_time":"2023-09-30T22:02:56+00:00","og_image":[{"width":1200,"height":800,"url":"https:\/\/bodpol24.pl\/wp-content\/uploads\/2022\/07\/peleciarka-wolnoobrotowa.jpg","type":"image\/jpeg"}],"twitter_card":"summary_large_image","twitter_misc":{"Gesch\u00e4tzte Lesezeit":"1\u00a0Minute"},"schema":{"@context":"https:\/\/schema.org","@graph":[{"@type":"WebPage","@id":"https:\/\/bodpol24.pl\/de\/produkt\/pelletpresse-mit-niedriger-drehzahl\/","url":"https:\/\/bodpol24.pl\/de\/produkt\/pelletpresse-mit-niedriger-drehzahl\/","name":"Pelletpresse mit niedriger Drehzahl - BOD-POL","isPartOf":{"@id":"https:\/\/bodpol24.pl\/de\/#website"},"primaryImageOfPage":{"@id":"https:\/\/bodpol24.pl\/de\/produkt\/pelletpresse-mit-niedriger-drehzahl\/#primaryimage"},"image":{"@id":"https:\/\/bodpol24.pl\/de\/produkt\/pelletpresse-mit-niedriger-drehzahl\/#primaryimage"},"thumbnailUrl":"https:\/\/bodpol24.pl\/wp-content\/uploads\/2022\/07\/peleciarka-wolnoobrotowa.jpg","datePublished":"2022-06-03T21:26:37+00:00","dateModified":"2023-09-30T22:02:56+00:00","breadcrumb":{"@id":"https:\/\/bodpol24.pl\/de\/produkt\/pelletpresse-mit-niedriger-drehzahl\/#breadcrumb"},"inLanguage":"de","potentialAction":[{"@type":"ReadAction","target":["https:\/\/bodpol24.pl\/de\/produkt\/pelletpresse-mit-niedriger-drehzahl\/"]}]},{"@type":"ImageObject","inLanguage":"de","@id":"https:\/\/bodpol24.pl\/de\/produkt\/pelletpresse-mit-niedriger-drehzahl\/#primaryimage","url":"https:\/\/bodpol24.pl\/wp-content\/uploads\/2022\/07\/peleciarka-wolnoobrotowa.jpg","contentUrl":"https:\/\/bodpol24.pl\/wp-content\/uploads\/2022\/07\/peleciarka-wolnoobrotowa.jpg","width":1200,"height":800},{"@type":"BreadcrumbList","@id":"https:\/\/bodpol24.pl\/de\/produkt\/pelletpresse-mit-niedriger-drehzahl\/#breadcrumb","itemListElement":[{"@type":"ListItem","position":1,"name":"Strona g\u0142\u00f3wna","item":"https:\/\/bodpol24.pl\/de\/sklep-online\/"},{"@type":"ListItem","position":2,"name":"Shop","item":"https:\/\/bodpol24.pl\/de\/shop\/"},{"@type":"ListItem","position":3,"name":"Pelletpresse mit niedriger Drehzahl"}]},{"@type":"WebSite","@id":"https:\/\/bodpol24.pl\/de\/#website","url":"https:\/\/bodpol24.pl\/de\/","name":"BOD-POL","description":"Maszyny dla twojej firmy","publisher":{"@id":"https:\/\/bodpol24.pl\/de\/#organization"},"potentialAction":[{"@type":"SearchAction","target":{"@type":"EntryPoint","urlTemplate":"https:\/\/bodpol24.pl\/de\/?s={search_term_string}"},"query-input":{"@type":"PropertyValueSpecification","valueRequired":true,"valueName":"search_term_string"}}],"inLanguage":"de"},{"@type":"Organization","@id":"https:\/\/bodpol24.pl\/de\/#organization","name":"BOD-POL","url":"https:\/\/bodpol24.pl\/de\/","logo":{"@type":"ImageObject","inLanguage":"de","@id":"https:\/\/bodpol24.pl\/de\/#\/schema\/logo\/image\/","url":"https:\/\/bodpol24.pl\/wp-content\/uploads\/2022\/06\/cropped-logo-bodpol24.png","contentUrl":"https:\/\/bodpol24.pl\/wp-content\/uploads\/2022\/06\/cropped-logo-bodpol24.png","width":512,"height":512,"caption":"BOD-POL"},"image":{"@id":"https:\/\/bodpol24.pl\/de\/#\/schema\/logo\/image\/"},"sameAs":["https:\/\/www.facebook.com\/profile.php?id=100083361699380"]}]}},"_links":{"self":[{"href":"https:\/\/bodpol24.pl\/de\/wp-json\/wp\/v2\/product\/2203"}],"collection":[{"href":"https:\/\/bodpol24.pl\/de\/wp-json\/wp\/v2\/product"}],"about":[{"href":"https:\/\/bodpol24.pl\/de\/wp-json\/wp\/v2\/types\/product"}],"replies":[{"embeddable":true,"href":"https:\/\/bodpol24.pl\/de\/wp-json\/wp\/v2\/comments?post=2203"}],"wp:featuredmedia":[{"embeddable":true,"href":"https:\/\/bodpol24.pl\/de\/wp-json\/wp\/v2\/media\/2109"}],"wp:attachment":[{"href":"https:\/\/bodpol24.pl\/de\/wp-json\/wp\/v2\/media?parent=2203"}],"wp:term":[{"taxonomy":"product_cat","embeddable":true,"href":"https:\/\/bodpol24.pl\/de\/wp-json\/wp\/v2\/product_cat?post=2203"},{"taxonomy":"product_tag","embeddable":true,"href":"https:\/\/bodpol24.pl\/de\/wp-json\/wp\/v2\/product_tag?post=2203"}],"curies":[{"name":"wp","href":"https:\/\/api.w.org\/{rel}","templated":true}]}}