{"id":2188,"date":"2022-06-04T14:56:27","date_gmt":"2022-06-04T12:56:27","guid":{"rendered":"https:\/\/bodpol24.pl\/produkt\/rebak-elektryczny\/"},"modified":"2023-04-07T14:01:13","modified_gmt":"2023-04-07T12:01:13","slug":"elektro-hackmaschine","status":"publish","type":"product","link":"https:\/\/bodpol24.pl\/de\/produkt\/elektro-hackmaschine\/","title":{"rendered":"Elektro-Hackmaschine"},"content":{"rendered":"<p>Technische Angaben:<br \/>\nMotorleistung:<br \/>\nMotortyp:<br \/>\nHubraum:<br \/>\nSchneidesystem:<br \/>\nMax. Durchmesser eines Zweiges<br \/>\nDrehzahl:<br \/>\nSchallleistung :<br \/>\nGeschwindigkeit der Schneiden:<br \/>\nAnlasser:<\/p>\n<p>Hackmaschine mit Verbrennungsmotor<\/p>\n<p>Die Hackmaschine mit Verbrennungsmotor erm\u00f6glicht es, die Abf\u00e4lle von geschnittenen B\u00e4umen, Str\u00e4uchern und Hecken zu verarbeiten. Dank hoher Leistung ist sie imstande, starke \u00c4ste oder Baumst\u00e4mme und -st\u00fcmpfe zu bew\u00e4ltigen. Mit der Maschine k\u00f6nnen Sie das Material f\u00fcr Komposttonne oder Pelletproduktion sowie Holzschnitzel vorbereiten. Das Ger\u00e4t ist f\u00fcr professionelle sowie Hobby-Holzverarbeitung bestimmt.<\/p>\n<p><strong>Hohe Leistungsf\u00e4higkeit<\/strong><br \/>\nDank entsprechender Motorleistung ist das Ger\u00e4t durchaus leistungsf\u00e4hig. Durch seine hohe Drehzahl sparen Sie Ihre Zeit und Geld. Der Motor wurde mit einer Einstellungsvorrichtung ausger\u00fcstet, was die M\u00f6glichkeit bietet, den Trichter so einzustellen, dass Ihre Arbeit komfortabel ist. Hohe Parameter sorgen f\u00fcr eine schnelle Verarbeitung von Abf\u00e4llen und Geldersparnis.<\/p>\n<p><strong>\u00d6konomische L\u00f6sung<\/strong><br \/>\nHackmaschine mit Verbrennungsmotor ist eine \u00f6konomische L\u00f6sung. Sie zeichnet sich durch sehr niedrigen Kraftstoffverbrauch aus, was auch die Meinungen der Benutzer und die Tester best\u00e4tigen. Die Hackmaschine wird mit einer der popul\u00e4rsten Kraftstoffarten auf dem Markt angetrieben, so brauchen Sie nicht, sich um Einkauf von Spezialrohstoffen Sorgen zu machen.<br \/>\nEin gro\u00dfer Kraftstoffbeh\u00e4lter erlaubt eine \u00fcber eine Stunde lange Dauerarbeit.<\/p>\n<p><strong>Mobilit\u00e4t und einfaches Man\u00f6vrieren<\/strong><br \/>\nDurch bequeme Transporthandgriffe und zuverl\u00e4ssige, aufgepumpte R\u00e4der ist das Modell bedienungsfreundlich und \u00e4u\u00dferst mobil. Zus\u00e4tzlich wurde es mit einer stabilen St\u00fctze und einem robusten Stahlgeh\u00e4use ausgestattet. Komfortables Bewegen und einfaches Man\u00f6vrieren sind also garantiert!<\/p>\n<p><strong>Arbeitskomfort<\/strong><br \/>\nIm Set finden Sie einen Abfallbeutel, der das automatische Ansammeln von zerkleinerten Zweigen aus dem Auslass erm\u00f6glicht. Um die Arbeit zu optimieren, wurde die Maschine mit einer Auslassrutsche mit klappbarem Aufsatz ausger\u00fcstet. Mit dieser Hackmaschine bekommen Sie das Aufr\u00e4umen aus Ihrem Kopf!<\/p>\n<p><strong>Bestellen Sie schon heute!<\/strong><\/p>\n","protected":false},"excerpt":{"rendered":"<p>Technische Angaben: Motorleistung: Motortyp: Hubraum: Schneidesystem: Max. Durchmesser eines Zweiges Drehzahl: Schallleistung : Geschwindigkeit der Schneiden: Anlasser: Hackmaschine mit Verbrennungsmotor Die Hackmaschine mit Verbrennungsmotor erm\u00f6glicht es, die Abf\u00e4lle von geschnittenen B\u00e4umen, Str\u00e4uchern und Hecken zu verarbeiten. Dank hoher Leistung ist sie imstande, starke \u00c4ste oder Baumst\u00e4mme und -st\u00fcmpfe zu bew\u00e4ltigen. Mit der Maschine k\u00f6nnen Sie [&hellip;]<\/p>\n","protected":false},"featured_media":2093,"comment_status":"closed","ping_status":"closed","template":"","meta":{"site-sidebar-layout":"default","site-content-layout":"default","ast-site-content-layout":"","site-content-style":"default","site-sidebar-style":"default","ast-global-header-display":"","ast-banner-title-visibility":"","ast-main-header-display":"","ast-hfb-above-header-display":"","ast-hfb-below-header-display":"","ast-hfb-mobile-header-display":"","site-post-title":"","ast-breadcrumbs-content":"","ast-featured-img":"","footer-sml-layout":"","theme-transparent-header-meta":"default","adv-header-id-meta":"","stick-header-meta":"","header-above-stick-meta":"","header-main-stick-meta":"","header-below-stick-meta":"","astra-migrate-meta-layouts":"default","ast-page-background-enabled":"default","ast-page-background-meta":{"desktop":{"background-color":"","background-image":"","background-repeat":"repeat","background-position":"center center","background-size":"auto","background-attachment":"scroll","background-type":"","background-media":"","overlay-type":"","overlay-color":"","overlay-opacity":"","overlay-gradient":""},"tablet":{"background-color":"","background-image":"","background-repeat":"repeat","background-position":"center center","background-size":"auto","background-attachment":"scroll","background-type":"","background-media":"","overlay-type":"","overlay-color":"","overlay-opacity":"","overlay-gradient":""},"mobile":{"background-color":"","background-image":"","background-repeat":"repeat","background-position":"center center","background-size":"auto","background-attachment":"scroll","background-type":"","background-media":"","overlay-type":"","overlay-color":"","overlay-opacity":"","overlay-gradient":""}},"ast-content-background-meta":{"desktop":{"background-color":"var(--ast-global-color-5)","background-image":"","background-repeat":"repeat","background-position":"center center","background-size":"auto","background-attachment":"scroll","background-type":"","background-media":"","overlay-type":"","overlay-color":"","overlay-opacity":"","overlay-gradient":""},"tablet":{"background-color":"var(--ast-global-color-5)","background-image":"","background-repeat":"repeat","background-position":"center center","background-size":"auto","background-attachment":"scroll","background-type":"","background-media":"","overlay-type":"","overlay-color":"","overlay-opacity":"","overlay-gradient":""},"mobile":{"background-color":"var(--ast-global-color-5)","background-image":"","background-repeat":"repeat","background-position":"center center","background-size":"auto","background-attachment":"scroll","background-type":"","background-media":"","overlay-type":"","overlay-color":"","overlay-opacity":"","overlay-gradient":""}}},"product_cat":[74],"product_tag":[],"class_list":{"0":"post-2188","1":"product","2":"type-product","3":"status-publish","4":"has-post-thumbnail","6":"product_cat-bez-kategorii-de","7":"desktop-align-left","8":"tablet-align-left","9":"mobile-align-left","11":"first","12":"instock","13":"taxable","14":"shipping-taxable","15":"purchasable","16":"product-type-variable"},"yoast_head":"<!-- This site is optimized with the Yoast SEO Premium plugin v23.9 (Yoast SEO v25.6) - https:\/\/yoast.com\/wordpress\/plugins\/seo\/ -->\n<title>Elektro-Hackmaschine - BOD-POL<\/title>\n<meta name=\"robots\" content=\"index, follow, max-snippet:-1, max-image-preview:large, max-video-preview:-1\" \/>\n<link rel=\"canonical\" href=\"https:\/\/bodpol24.pl\/de\/produkt\/elektro-hackmaschine\/\" \/>\n<meta property=\"og:locale\" content=\"de_DE\" \/>\n<meta property=\"og:type\" content=\"article\" \/>\n<meta property=\"og:title\" content=\"Elektro-Hackmaschine\" \/>\n<meta property=\"og:description\" content=\"Technische Angaben: Motorleistung: Motortyp: Hubraum: Schneidesystem: Max. Durchmesser eines Zweiges Drehzahl: Schallleistung : Geschwindigkeit der Schneiden: Anlasser: Hackmaschine mit Verbrennungsmotor Die Hackmaschine mit Verbrennungsmotor erm\u00f6glicht es, die Abf\u00e4lle von geschnittenen B\u00e4umen, Str\u00e4uchern und Hecken zu verarbeiten. Dank hoher Leistung ist sie imstande, starke \u00c4ste oder Baumst\u00e4mme und -st\u00fcmpfe zu bew\u00e4ltigen. Mit der Maschine k\u00f6nnen Sie [&hellip;]\" \/>\n<meta property=\"og:url\" content=\"https:\/\/bodpol24.pl\/de\/produkt\/elektro-hackmaschine\/\" \/>\n<meta property=\"og:site_name\" content=\"BOD-POL\" \/>\n<meta property=\"article:publisher\" content=\"https:\/\/www.facebook.com\/profile.php?id=100083361699380\" \/>\n<meta property=\"article:modified_time\" content=\"2023-04-07T12:01:13+00:00\" \/>\n<meta property=\"og:image\" content=\"https:\/\/bodpol24.pl\/wp-content\/uploads\/2022\/06\/rebak.jpg\" \/>\n\t<meta property=\"og:image:width\" content=\"1200\" \/>\n\t<meta property=\"og:image:height\" content=\"1200\" \/>\n\t<meta property=\"og:image:type\" content=\"image\/jpeg\" \/>\n<meta name=\"twitter:card\" content=\"summary_large_image\" \/>\n<meta name=\"twitter:label1\" content=\"Gesch\u00e4tzte Lesezeit\" \/>\n\t<meta name=\"twitter:data1\" content=\"2\u00a0Minuten\" \/>\n<script type=\"application\/ld+json\" class=\"yoast-schema-graph\">{\"@context\":\"https:\/\/schema.org\",\"@graph\":[{\"@type\":\"WebPage\",\"@id\":\"https:\/\/bodpol24.pl\/de\/produkt\/elektro-hackmaschine\/\",\"url\":\"https:\/\/bodpol24.pl\/de\/produkt\/elektro-hackmaschine\/\",\"name\":\"Elektro-Hackmaschine - BOD-POL\",\"isPartOf\":{\"@id\":\"https:\/\/bodpol24.pl\/de\/#website\"},\"primaryImageOfPage\":{\"@id\":\"https:\/\/bodpol24.pl\/de\/produkt\/elektro-hackmaschine\/#primaryimage\"},\"image\":{\"@id\":\"https:\/\/bodpol24.pl\/de\/produkt\/elektro-hackmaschine\/#primaryimage\"},\"thumbnailUrl\":\"https:\/\/bodpol24.pl\/wp-content\/uploads\/2022\/06\/rebak.jpg\",\"datePublished\":\"2022-06-04T12:56:27+00:00\",\"dateModified\":\"2023-04-07T12:01:13+00:00\",\"breadcrumb\":{\"@id\":\"https:\/\/bodpol24.pl\/de\/produkt\/elektro-hackmaschine\/#breadcrumb\"},\"inLanguage\":\"de\",\"potentialAction\":[{\"@type\":\"ReadAction\",\"target\":[\"https:\/\/bodpol24.pl\/de\/produkt\/elektro-hackmaschine\/\"]}]},{\"@type\":\"ImageObject\",\"inLanguage\":\"de\",\"@id\":\"https:\/\/bodpol24.pl\/de\/produkt\/elektro-hackmaschine\/#primaryimage\",\"url\":\"https:\/\/bodpol24.pl\/wp-content\/uploads\/2022\/06\/rebak.jpg\",\"contentUrl\":\"https:\/\/bodpol24.pl\/wp-content\/uploads\/2022\/06\/rebak.jpg\",\"width\":1200,\"height\":1200},{\"@type\":\"BreadcrumbList\",\"@id\":\"https:\/\/bodpol24.pl\/de\/produkt\/elektro-hackmaschine\/#breadcrumb\",\"itemListElement\":[{\"@type\":\"ListItem\",\"position\":1,\"name\":\"Strona g\u0142\u00f3wna\",\"item\":\"https:\/\/bodpol24.pl\/de\/sklep-online\/\"},{\"@type\":\"ListItem\",\"position\":2,\"name\":\"Shop\",\"item\":\"https:\/\/bodpol24.pl\/de\/shop\/\"},{\"@type\":\"ListItem\",\"position\":3,\"name\":\"Elektro-Hackmaschine\"}]},{\"@type\":\"WebSite\",\"@id\":\"https:\/\/bodpol24.pl\/de\/#website\",\"url\":\"https:\/\/bodpol24.pl\/de\/\",\"name\":\"BOD-POL\",\"description\":\"Maszyny dla twojej firmy\",\"publisher\":{\"@id\":\"https:\/\/bodpol24.pl\/de\/#organization\"},\"potentialAction\":[{\"@type\":\"SearchAction\",\"target\":{\"@type\":\"EntryPoint\",\"urlTemplate\":\"https:\/\/bodpol24.pl\/de\/?s={search_term_string}\"},\"query-input\":{\"@type\":\"PropertyValueSpecification\",\"valueRequired\":true,\"valueName\":\"search_term_string\"}}],\"inLanguage\":\"de\"},{\"@type\":\"Organization\",\"@id\":\"https:\/\/bodpol24.pl\/de\/#organization\",\"name\":\"BOD-POL\",\"url\":\"https:\/\/bodpol24.pl\/de\/\",\"logo\":{\"@type\":\"ImageObject\",\"inLanguage\":\"de\",\"@id\":\"https:\/\/bodpol24.pl\/de\/#\/schema\/logo\/image\/\",\"url\":\"https:\/\/bodpol24.pl\/wp-content\/uploads\/2022\/06\/cropped-logo-bodpol24.png\",\"contentUrl\":\"https:\/\/bodpol24.pl\/wp-content\/uploads\/2022\/06\/cropped-logo-bodpol24.png\",\"width\":512,\"height\":512,\"caption\":\"BOD-POL\"},\"image\":{\"@id\":\"https:\/\/bodpol24.pl\/de\/#\/schema\/logo\/image\/\"},\"sameAs\":[\"https:\/\/www.facebook.com\/profile.php?id=100083361699380\"]}]}<\/script>\n<!-- \/ Yoast SEO Premium plugin. -->","yoast_head_json":{"title":"Elektro-Hackmaschine - BOD-POL","robots":{"index":"index","follow":"follow","max-snippet":"max-snippet:-1","max-image-preview":"max-image-preview:large","max-video-preview":"max-video-preview:-1"},"canonical":"https:\/\/bodpol24.pl\/de\/produkt\/elektro-hackmaschine\/","og_locale":"de_DE","og_type":"article","og_title":"Elektro-Hackmaschine","og_description":"Technische Angaben: Motorleistung: Motortyp: Hubraum: Schneidesystem: Max. Durchmesser eines Zweiges Drehzahl: Schallleistung : Geschwindigkeit der Schneiden: Anlasser: Hackmaschine mit Verbrennungsmotor Die Hackmaschine mit Verbrennungsmotor erm\u00f6glicht es, die Abf\u00e4lle von geschnittenen B\u00e4umen, Str\u00e4uchern und Hecken zu verarbeiten. Dank hoher Leistung ist sie imstande, starke \u00c4ste oder Baumst\u00e4mme und -st\u00fcmpfe zu bew\u00e4ltigen. Mit der Maschine k\u00f6nnen Sie [&hellip;]","og_url":"https:\/\/bodpol24.pl\/de\/produkt\/elektro-hackmaschine\/","og_site_name":"BOD-POL","article_publisher":"https:\/\/www.facebook.com\/profile.php?id=100083361699380","article_modified_time":"2023-04-07T12:01:13+00:00","og_image":[{"width":1200,"height":1200,"url":"https:\/\/bodpol24.pl\/wp-content\/uploads\/2022\/06\/rebak.jpg","type":"image\/jpeg"}],"twitter_card":"summary_large_image","twitter_misc":{"Gesch\u00e4tzte Lesezeit":"2\u00a0Minuten"},"schema":{"@context":"https:\/\/schema.org","@graph":[{"@type":"WebPage","@id":"https:\/\/bodpol24.pl\/de\/produkt\/elektro-hackmaschine\/","url":"https:\/\/bodpol24.pl\/de\/produkt\/elektro-hackmaschine\/","name":"Elektro-Hackmaschine - BOD-POL","isPartOf":{"@id":"https:\/\/bodpol24.pl\/de\/#website"},"primaryImageOfPage":{"@id":"https:\/\/bodpol24.pl\/de\/produkt\/elektro-hackmaschine\/#primaryimage"},"image":{"@id":"https:\/\/bodpol24.pl\/de\/produkt\/elektro-hackmaschine\/#primaryimage"},"thumbnailUrl":"https:\/\/bodpol24.pl\/wp-content\/uploads\/2022\/06\/rebak.jpg","datePublished":"2022-06-04T12:56:27+00:00","dateModified":"2023-04-07T12:01:13+00:00","breadcrumb":{"@id":"https:\/\/bodpol24.pl\/de\/produkt\/elektro-hackmaschine\/#breadcrumb"},"inLanguage":"de","potentialAction":[{"@type":"ReadAction","target":["https:\/\/bodpol24.pl\/de\/produkt\/elektro-hackmaschine\/"]}]},{"@type":"ImageObject","inLanguage":"de","@id":"https:\/\/bodpol24.pl\/de\/produkt\/elektro-hackmaschine\/#primaryimage","url":"https:\/\/bodpol24.pl\/wp-content\/uploads\/2022\/06\/rebak.jpg","contentUrl":"https:\/\/bodpol24.pl\/wp-content\/uploads\/2022\/06\/rebak.jpg","width":1200,"height":1200},{"@type":"BreadcrumbList","@id":"https:\/\/bodpol24.pl\/de\/produkt\/elektro-hackmaschine\/#breadcrumb","itemListElement":[{"@type":"ListItem","position":1,"name":"Strona g\u0142\u00f3wna","item":"https:\/\/bodpol24.pl\/de\/sklep-online\/"},{"@type":"ListItem","position":2,"name":"Shop","item":"https:\/\/bodpol24.pl\/de\/shop\/"},{"@type":"ListItem","position":3,"name":"Elektro-Hackmaschine"}]},{"@type":"WebSite","@id":"https:\/\/bodpol24.pl\/de\/#website","url":"https:\/\/bodpol24.pl\/de\/","name":"BOD-POL","description":"Maszyny dla twojej firmy","publisher":{"@id":"https:\/\/bodpol24.pl\/de\/#organization"},"potentialAction":[{"@type":"SearchAction","target":{"@type":"EntryPoint","urlTemplate":"https:\/\/bodpol24.pl\/de\/?s={search_term_string}"},"query-input":{"@type":"PropertyValueSpecification","valueRequired":true,"valueName":"search_term_string"}}],"inLanguage":"de"},{"@type":"Organization","@id":"https:\/\/bodpol24.pl\/de\/#organization","name":"BOD-POL","url":"https:\/\/bodpol24.pl\/de\/","logo":{"@type":"ImageObject","inLanguage":"de","@id":"https:\/\/bodpol24.pl\/de\/#\/schema\/logo\/image\/","url":"https:\/\/bodpol24.pl\/wp-content\/uploads\/2022\/06\/cropped-logo-bodpol24.png","contentUrl":"https:\/\/bodpol24.pl\/wp-content\/uploads\/2022\/06\/cropped-logo-bodpol24.png","width":512,"height":512,"caption":"BOD-POL"},"image":{"@id":"https:\/\/bodpol24.pl\/de\/#\/schema\/logo\/image\/"},"sameAs":["https:\/\/www.facebook.com\/profile.php?id=100083361699380"]}]}},"_links":{"self":[{"href":"https:\/\/bodpol24.pl\/de\/wp-json\/wp\/v2\/product\/2188"}],"collection":[{"href":"https:\/\/bodpol24.pl\/de\/wp-json\/wp\/v2\/product"}],"about":[{"href":"https:\/\/bodpol24.pl\/de\/wp-json\/wp\/v2\/types\/product"}],"replies":[{"embeddable":true,"href":"https:\/\/bodpol24.pl\/de\/wp-json\/wp\/v2\/comments?post=2188"}],"wp:featuredmedia":[{"embeddable":true,"href":"https:\/\/bodpol24.pl\/de\/wp-json\/wp\/v2\/media\/2093"}],"wp:attachment":[{"href":"https:\/\/bodpol24.pl\/de\/wp-json\/wp\/v2\/media?parent=2188"}],"wp:term":[{"taxonomy":"product_cat","embeddable":true,"href":"https:\/\/bodpol24.pl\/de\/wp-json\/wp\/v2\/product_cat?post=2188"},{"taxonomy":"product_tag","embeddable":true,"href":"https:\/\/bodpol24.pl\/de\/wp-json\/wp\/v2\/product_tag?post=2188"}],"curies":[{"name":"wp","href":"https:\/\/api.w.org\/{rel}","templated":true}]}}