{"id":2170,"date":"2022-06-04T15:39:52","date_gmt":"2022-06-04T13:39:52","guid":{"rendered":"https:\/\/bodpol24.pl\/produkt\/mlyn-bijakowy-z-cyklonem\/"},"modified":"2023-04-07T14:01:39","modified_gmt":"2023-04-07T12:01:39","slug":"hammermuehle-mit-zyklon","status":"publish","type":"product","link":"https:\/\/bodpol24.pl\/de\/produkt\/hammermuehle-mit-zyklon\/","title":{"rendered":"Hammerm\u00fchle mit Zyklon"},"content":{"rendered":"<p><strong>Die Hammerm\u00fchle mit Zyklon<\/strong> ist f\u00fcr Mahlen der Biomasse (Stroh, Zweige, Holz(hack)schnitzel, Paneele, St\u00e4ngel und Waldabf\u00e4lle) konzipiert. Das Ger\u00e4t erlaubt die Zerkleinerung des Materials f\u00fcr die zur Pelletierung optimale Fraktion. Das Modell ist auch f\u00fcr Zerkleinerung landwirtschaftlicher Materialien bestimmt wie z. B. Reis, H\u00fclsen, Weizen, Erdn\u00fcsse, Bohnen, Mais und andere K\u00f6rner.<\/p>\n<p><strong>Hohe Leistungsf\u00e4higkeit<\/strong><br \/>\nDas Ger\u00e4t zeichnet sich durch eine hohe Leistungsf\u00e4higkeit und einen niedrigen Energieverbrauch aus. Pro Stunde verarbeitet es bis 150kg Material.<\/p>\n<p><strong>Beste Parameter<\/strong><br \/>\nDie hohe Motorleistung erm\u00f6glicht es, das bis zum Durchmesser von 5 cm starke Material zu verkleinern. Mittels eingebauter Zyklonturbine erlaubt es, das gewonnene Material leicht einzusacken. Das Ger\u00e4t wurde mit einem System von H\u00e4mmern ausger\u00fcstet, was die M\u00f6glichkeit bietet, das Material (Zweige, Holzschnitzel oder Waldabf\u00e4lle) sehr fein zu zerkleinern. Das auf diese Weise entstandene Material l\u00e4sst sich anschlie\u00dfend pelletieren. Die Endgr\u00f6\u00dfe des Materials nach Zerkleinerung betr\u00e4gt 2 mm.<\/p>\n<p><strong>Intuitive Bedienung<\/strong><br \/>\nDas Ger\u00e4t ist sehr einfach zu bedienen. Es wurde mit einem einfachen Steuerpult und einem Notausschalter ausgestattet.<\/p>\n<p>Die H\u00f6chstfeuchtigkeit des einzuf\u00fchrenden Materials betr\u00e4gt 18%, sein Durchmesser soll unter 5cm liegen. Das gemahlene Material soll getrocknet sein.<\/p>\n<p><strong>Leistungsf\u00e4higkeit<\/strong><br \/>\nLeistung 4kW = 120-150kg\/h<\/p>\n<p>Leistung 7,5kW = 250-500kg\/h<\/p>\n<p>Leistung 11kW = 250-700kg\/h<\/p>\n<p>Leistung 22kW = 800-1000kg\/h<\/p>\n<p>Leistung 30kW = 800-1300kg\/h<\/p>\n<p><strong>Bestellen Sie schon heute!<\/strong><\/p>\n","protected":false},"excerpt":{"rendered":"<p>Die Hammerm\u00fchle mit Zyklon ist f\u00fcr Mahlen der Biomasse (Stroh, Zweige, Holz(hack)schnitzel, Paneele, St\u00e4ngel und Waldabf\u00e4lle) konzipiert. Das Ger\u00e4t erlaubt die Zerkleinerung des Materials f\u00fcr die zur Pelletierung optimale Fraktion. Das Modell ist auch f\u00fcr Zerkleinerung landwirtschaftlicher Materialien bestimmt wie z. B. Reis, H\u00fclsen, Weizen, Erdn\u00fcsse, Bohnen, Mais und andere K\u00f6rner. Hohe Leistungsf\u00e4higkeit Das Ger\u00e4t [&hellip;]<\/p>\n","protected":false},"featured_media":2097,"comment_status":"closed","ping_status":"closed","template":"","meta":{"site-sidebar-layout":"default","site-content-layout":"default","ast-site-content-layout":"","site-content-style":"default","site-sidebar-style":"default","ast-global-header-display":"","ast-banner-title-visibility":"","ast-main-header-display":"","ast-hfb-above-header-display":"","ast-hfb-below-header-display":"","ast-hfb-mobile-header-display":"","site-post-title":"","ast-breadcrumbs-content":"","ast-featured-img":"","footer-sml-layout":"","theme-transparent-header-meta":"default","adv-header-id-meta":"","stick-header-meta":"","header-above-stick-meta":"","header-main-stick-meta":"","header-below-stick-meta":"","astra-migrate-meta-layouts":"default","ast-page-background-enabled":"default","ast-page-background-meta":{"desktop":{"background-color":"","background-image":"","background-repeat":"repeat","background-position":"center center","background-size":"auto","background-attachment":"scroll","background-type":"","background-media":"","overlay-type":"","overlay-color":"","overlay-opacity":"","overlay-gradient":""},"tablet":{"background-color":"","background-image":"","background-repeat":"repeat","background-position":"center center","background-size":"auto","background-attachment":"scroll","background-type":"","background-media":"","overlay-type":"","overlay-color":"","overlay-opacity":"","overlay-gradient":""},"mobile":{"background-color":"","background-image":"","background-repeat":"repeat","background-position":"center center","background-size":"auto","background-attachment":"scroll","background-type":"","background-media":"","overlay-type":"","overlay-color":"","overlay-opacity":"","overlay-gradient":""}},"ast-content-background-meta":{"desktop":{"background-color":"var(--ast-global-color-5)","background-image":"","background-repeat":"repeat","background-position":"center center","background-size":"auto","background-attachment":"scroll","background-type":"","background-media":"","overlay-type":"","overlay-color":"","overlay-opacity":"","overlay-gradient":""},"tablet":{"background-color":"var(--ast-global-color-5)","background-image":"","background-repeat":"repeat","background-position":"center center","background-size":"auto","background-attachment":"scroll","background-type":"","background-media":"","overlay-type":"","overlay-color":"","overlay-opacity":"","overlay-gradient":""},"mobile":{"background-color":"var(--ast-global-color-5)","background-image":"","background-repeat":"repeat","background-position":"center center","background-size":"auto","background-attachment":"scroll","background-type":"","background-media":"","overlay-type":"","overlay-color":"","overlay-opacity":"","overlay-gradient":""}}},"product_cat":[74],"product_tag":[],"class_list":{"0":"post-2170","1":"product","2":"type-product","3":"status-publish","4":"has-post-thumbnail","6":"product_cat-bez-kategorii-de","7":"desktop-align-left","8":"tablet-align-left","9":"mobile-align-left","11":"first","12":"instock","13":"taxable","14":"shipping-taxable","15":"purchasable","16":"product-type-variable"},"yoast_head":"<!-- This site is optimized with the Yoast SEO Premium plugin v23.9 (Yoast SEO v25.6) - https:\/\/yoast.com\/wordpress\/plugins\/seo\/ -->\n<title>Hammerm\u00fchle mit Zyklon - BOD-POL<\/title>\n<meta name=\"robots\" content=\"index, follow, max-snippet:-1, max-image-preview:large, max-video-preview:-1\" \/>\n<link rel=\"canonical\" href=\"https:\/\/bodpol24.pl\/de\/produkt\/hammermuehle-mit-zyklon\/\" \/>\n<meta property=\"og:locale\" content=\"de_DE\" \/>\n<meta property=\"og:type\" content=\"article\" \/>\n<meta property=\"og:title\" content=\"Hammerm\u00fchle mit Zyklon\" \/>\n<meta property=\"og:description\" content=\"Die Hammerm\u00fchle mit Zyklon ist f\u00fcr Mahlen der Biomasse (Stroh, Zweige, Holz(hack)schnitzel, Paneele, St\u00e4ngel und Waldabf\u00e4lle) konzipiert. Das Ger\u00e4t erlaubt die Zerkleinerung des Materials f\u00fcr die zur Pelletierung optimale Fraktion. Das Modell ist auch f\u00fcr Zerkleinerung landwirtschaftlicher Materialien bestimmt wie z. B. Reis, H\u00fclsen, Weizen, Erdn\u00fcsse, Bohnen, Mais und andere K\u00f6rner. Hohe Leistungsf\u00e4higkeit Das Ger\u00e4t [&hellip;]\" \/>\n<meta property=\"og:url\" content=\"https:\/\/bodpol24.pl\/de\/produkt\/hammermuehle-mit-zyklon\/\" \/>\n<meta property=\"og:site_name\" content=\"BOD-POL\" \/>\n<meta property=\"article:publisher\" content=\"https:\/\/www.facebook.com\/profile.php?id=100083361699380\" \/>\n<meta property=\"article:modified_time\" content=\"2023-04-07T12:01:39+00:00\" \/>\n<meta property=\"og:image\" content=\"https:\/\/bodpol24.pl\/wp-content\/uploads\/2022\/07\/mlyn-bijakowy-z-cyklonem-2.jpg\" \/>\n\t<meta property=\"og:image:width\" content=\"1200\" \/>\n\t<meta property=\"og:image:height\" content=\"800\" \/>\n\t<meta property=\"og:image:type\" content=\"image\/jpeg\" \/>\n<meta name=\"twitter:card\" content=\"summary_large_image\" \/>\n<meta name=\"twitter:label1\" content=\"Gesch\u00e4tzte Lesezeit\" \/>\n\t<meta name=\"twitter:data1\" content=\"1\u00a0Minute\" \/>\n<script type=\"application\/ld+json\" class=\"yoast-schema-graph\">{\"@context\":\"https:\/\/schema.org\",\"@graph\":[{\"@type\":\"WebPage\",\"@id\":\"https:\/\/bodpol24.pl\/de\/produkt\/hammermuehle-mit-zyklon\/\",\"url\":\"https:\/\/bodpol24.pl\/de\/produkt\/hammermuehle-mit-zyklon\/\",\"name\":\"Hammerm\u00fchle mit Zyklon - BOD-POL\",\"isPartOf\":{\"@id\":\"https:\/\/bodpol24.pl\/de\/#website\"},\"primaryImageOfPage\":{\"@id\":\"https:\/\/bodpol24.pl\/de\/produkt\/hammermuehle-mit-zyklon\/#primaryimage\"},\"image\":{\"@id\":\"https:\/\/bodpol24.pl\/de\/produkt\/hammermuehle-mit-zyklon\/#primaryimage\"},\"thumbnailUrl\":\"https:\/\/bodpol24.pl\/wp-content\/uploads\/2022\/07\/mlyn-bijakowy-z-cyklonem-2.jpg\",\"datePublished\":\"2022-06-04T13:39:52+00:00\",\"dateModified\":\"2023-04-07T12:01:39+00:00\",\"breadcrumb\":{\"@id\":\"https:\/\/bodpol24.pl\/de\/produkt\/hammermuehle-mit-zyklon\/#breadcrumb\"},\"inLanguage\":\"de\",\"potentialAction\":[{\"@type\":\"ReadAction\",\"target\":[\"https:\/\/bodpol24.pl\/de\/produkt\/hammermuehle-mit-zyklon\/\"]}]},{\"@type\":\"ImageObject\",\"inLanguage\":\"de\",\"@id\":\"https:\/\/bodpol24.pl\/de\/produkt\/hammermuehle-mit-zyklon\/#primaryimage\",\"url\":\"https:\/\/bodpol24.pl\/wp-content\/uploads\/2022\/07\/mlyn-bijakowy-z-cyklonem-2.jpg\",\"contentUrl\":\"https:\/\/bodpol24.pl\/wp-content\/uploads\/2022\/07\/mlyn-bijakowy-z-cyklonem-2.jpg\",\"width\":1200,\"height\":800},{\"@type\":\"BreadcrumbList\",\"@id\":\"https:\/\/bodpol24.pl\/de\/produkt\/hammermuehle-mit-zyklon\/#breadcrumb\",\"itemListElement\":[{\"@type\":\"ListItem\",\"position\":1,\"name\":\"Strona g\u0142\u00f3wna\",\"item\":\"https:\/\/bodpol24.pl\/de\/sklep-online\/\"},{\"@type\":\"ListItem\",\"position\":2,\"name\":\"Shop\",\"item\":\"https:\/\/bodpol24.pl\/de\/shop\/\"},{\"@type\":\"ListItem\",\"position\":3,\"name\":\"Hammerm\u00fchle mit Zyklon\"}]},{\"@type\":\"WebSite\",\"@id\":\"https:\/\/bodpol24.pl\/de\/#website\",\"url\":\"https:\/\/bodpol24.pl\/de\/\",\"name\":\"BOD-POL\",\"description\":\"Maszyny dla twojej firmy\",\"publisher\":{\"@id\":\"https:\/\/bodpol24.pl\/de\/#organization\"},\"potentialAction\":[{\"@type\":\"SearchAction\",\"target\":{\"@type\":\"EntryPoint\",\"urlTemplate\":\"https:\/\/bodpol24.pl\/de\/?s={search_term_string}\"},\"query-input\":{\"@type\":\"PropertyValueSpecification\",\"valueRequired\":true,\"valueName\":\"search_term_string\"}}],\"inLanguage\":\"de\"},{\"@type\":\"Organization\",\"@id\":\"https:\/\/bodpol24.pl\/de\/#organization\",\"name\":\"BOD-POL\",\"url\":\"https:\/\/bodpol24.pl\/de\/\",\"logo\":{\"@type\":\"ImageObject\",\"inLanguage\":\"de\",\"@id\":\"https:\/\/bodpol24.pl\/de\/#\/schema\/logo\/image\/\",\"url\":\"https:\/\/bodpol24.pl\/wp-content\/uploads\/2022\/06\/cropped-logo-bodpol24.png\",\"contentUrl\":\"https:\/\/bodpol24.pl\/wp-content\/uploads\/2022\/06\/cropped-logo-bodpol24.png\",\"width\":512,\"height\":512,\"caption\":\"BOD-POL\"},\"image\":{\"@id\":\"https:\/\/bodpol24.pl\/de\/#\/schema\/logo\/image\/\"},\"sameAs\":[\"https:\/\/www.facebook.com\/profile.php?id=100083361699380\"]}]}<\/script>\n<!-- \/ Yoast SEO Premium plugin. -->","yoast_head_json":{"title":"Hammerm\u00fchle mit Zyklon - BOD-POL","robots":{"index":"index","follow":"follow","max-snippet":"max-snippet:-1","max-image-preview":"max-image-preview:large","max-video-preview":"max-video-preview:-1"},"canonical":"https:\/\/bodpol24.pl\/de\/produkt\/hammermuehle-mit-zyklon\/","og_locale":"de_DE","og_type":"article","og_title":"Hammerm\u00fchle mit Zyklon","og_description":"Die Hammerm\u00fchle mit Zyklon ist f\u00fcr Mahlen der Biomasse (Stroh, Zweige, Holz(hack)schnitzel, Paneele, St\u00e4ngel und Waldabf\u00e4lle) konzipiert. Das Ger\u00e4t erlaubt die Zerkleinerung des Materials f\u00fcr die zur Pelletierung optimale Fraktion. Das Modell ist auch f\u00fcr Zerkleinerung landwirtschaftlicher Materialien bestimmt wie z. B. Reis, H\u00fclsen, Weizen, Erdn\u00fcsse, Bohnen, Mais und andere K\u00f6rner. Hohe Leistungsf\u00e4higkeit Das Ger\u00e4t [&hellip;]","og_url":"https:\/\/bodpol24.pl\/de\/produkt\/hammermuehle-mit-zyklon\/","og_site_name":"BOD-POL","article_publisher":"https:\/\/www.facebook.com\/profile.php?id=100083361699380","article_modified_time":"2023-04-07T12:01:39+00:00","og_image":[{"width":1200,"height":800,"url":"https:\/\/bodpol24.pl\/wp-content\/uploads\/2022\/07\/mlyn-bijakowy-z-cyklonem-2.jpg","type":"image\/jpeg"}],"twitter_card":"summary_large_image","twitter_misc":{"Gesch\u00e4tzte Lesezeit":"1\u00a0Minute"},"schema":{"@context":"https:\/\/schema.org","@graph":[{"@type":"WebPage","@id":"https:\/\/bodpol24.pl\/de\/produkt\/hammermuehle-mit-zyklon\/","url":"https:\/\/bodpol24.pl\/de\/produkt\/hammermuehle-mit-zyklon\/","name":"Hammerm\u00fchle mit Zyklon - BOD-POL","isPartOf":{"@id":"https:\/\/bodpol24.pl\/de\/#website"},"primaryImageOfPage":{"@id":"https:\/\/bodpol24.pl\/de\/produkt\/hammermuehle-mit-zyklon\/#primaryimage"},"image":{"@id":"https:\/\/bodpol24.pl\/de\/produkt\/hammermuehle-mit-zyklon\/#primaryimage"},"thumbnailUrl":"https:\/\/bodpol24.pl\/wp-content\/uploads\/2022\/07\/mlyn-bijakowy-z-cyklonem-2.jpg","datePublished":"2022-06-04T13:39:52+00:00","dateModified":"2023-04-07T12:01:39+00:00","breadcrumb":{"@id":"https:\/\/bodpol24.pl\/de\/produkt\/hammermuehle-mit-zyklon\/#breadcrumb"},"inLanguage":"de","potentialAction":[{"@type":"ReadAction","target":["https:\/\/bodpol24.pl\/de\/produkt\/hammermuehle-mit-zyklon\/"]}]},{"@type":"ImageObject","inLanguage":"de","@id":"https:\/\/bodpol24.pl\/de\/produkt\/hammermuehle-mit-zyklon\/#primaryimage","url":"https:\/\/bodpol24.pl\/wp-content\/uploads\/2022\/07\/mlyn-bijakowy-z-cyklonem-2.jpg","contentUrl":"https:\/\/bodpol24.pl\/wp-content\/uploads\/2022\/07\/mlyn-bijakowy-z-cyklonem-2.jpg","width":1200,"height":800},{"@type":"BreadcrumbList","@id":"https:\/\/bodpol24.pl\/de\/produkt\/hammermuehle-mit-zyklon\/#breadcrumb","itemListElement":[{"@type":"ListItem","position":1,"name":"Strona g\u0142\u00f3wna","item":"https:\/\/bodpol24.pl\/de\/sklep-online\/"},{"@type":"ListItem","position":2,"name":"Shop","item":"https:\/\/bodpol24.pl\/de\/shop\/"},{"@type":"ListItem","position":3,"name":"Hammerm\u00fchle mit Zyklon"}]},{"@type":"WebSite","@id":"https:\/\/bodpol24.pl\/de\/#website","url":"https:\/\/bodpol24.pl\/de\/","name":"BOD-POL","description":"Maszyny dla twojej firmy","publisher":{"@id":"https:\/\/bodpol24.pl\/de\/#organization"},"potentialAction":[{"@type":"SearchAction","target":{"@type":"EntryPoint","urlTemplate":"https:\/\/bodpol24.pl\/de\/?s={search_term_string}"},"query-input":{"@type":"PropertyValueSpecification","valueRequired":true,"valueName":"search_term_string"}}],"inLanguage":"de"},{"@type":"Organization","@id":"https:\/\/bodpol24.pl\/de\/#organization","name":"BOD-POL","url":"https:\/\/bodpol24.pl\/de\/","logo":{"@type":"ImageObject","inLanguage":"de","@id":"https:\/\/bodpol24.pl\/de\/#\/schema\/logo\/image\/","url":"https:\/\/bodpol24.pl\/wp-content\/uploads\/2022\/06\/cropped-logo-bodpol24.png","contentUrl":"https:\/\/bodpol24.pl\/wp-content\/uploads\/2022\/06\/cropped-logo-bodpol24.png","width":512,"height":512,"caption":"BOD-POL"},"image":{"@id":"https:\/\/bodpol24.pl\/de\/#\/schema\/logo\/image\/"},"sameAs":["https:\/\/www.facebook.com\/profile.php?id=100083361699380"]}]}},"_links":{"self":[{"href":"https:\/\/bodpol24.pl\/de\/wp-json\/wp\/v2\/product\/2170"}],"collection":[{"href":"https:\/\/bodpol24.pl\/de\/wp-json\/wp\/v2\/product"}],"about":[{"href":"https:\/\/bodpol24.pl\/de\/wp-json\/wp\/v2\/types\/product"}],"replies":[{"embeddable":true,"href":"https:\/\/bodpol24.pl\/de\/wp-json\/wp\/v2\/comments?post=2170"}],"wp:featuredmedia":[{"embeddable":true,"href":"https:\/\/bodpol24.pl\/de\/wp-json\/wp\/v2\/media\/2097"}],"wp:attachment":[{"href":"https:\/\/bodpol24.pl\/de\/wp-json\/wp\/v2\/media?parent=2170"}],"wp:term":[{"taxonomy":"product_cat","embeddable":true,"href":"https:\/\/bodpol24.pl\/de\/wp-json\/wp\/v2\/product_cat?post=2170"},{"taxonomy":"product_tag","embeddable":true,"href":"https:\/\/bodpol24.pl\/de\/wp-json\/wp\/v2\/product_tag?post=2170"}],"curies":[{"name":"wp","href":"https:\/\/api.w.org\/{rel}","templated":true}]}}