{"id":2240,"date":"2023-04-14T10:56:27","date_gmt":"2023-04-14T08:56:27","guid":{"rendered":"https:\/\/bodpol24.pl\/polityka-zwrotow\/"},"modified":"2023-04-14T11:02:24","modified_gmt":"2023-04-14T09:02:24","slug":"ruckgabebedingungen","status":"publish","type":"page","link":"https:\/\/bodpol24.pl\/de\/ruckgabebedingungen\/","title":{"rendered":"R\u00fcckgabebedingungen"},"content":{"rendered":"<style>\/*! elementor - v3.6.5 - 27-04-2022 *\/\n.elementor-heading-title{padding:0;margin:0;line-height:1}.elementor-widget-heading .elementor-heading-title[class*=elementor-size-]>a{color:inherit;font-size:inherit;line-height:inherit}.elementor-widget-heading .elementor-heading-title.elementor-size-small{font-size:15px}.elementor-widget-heading .elementor-heading-title.elementor-size-medium{font-size:19px}.elementor-widget-heading .elementor-heading-title.elementor-size-large{font-size:29px}.elementor-widget-heading .elementor-heading-title.elementor-size-xl{font-size:39px}.elementor-widget-heading .elementor-heading-title.elementor-size-xxl{font-size:59px}<\/style>\n<h2>R\u00fcckgabebedingungen<\/h2>\n<p>Ein Kunde, der ein Verbraucher ist und einen Fernabsatzvertrag abgeschlossen hat, kann den Vertrag ohne Angabe von Gr\u00fcnden widerrufen, indem er innerhalb von 14 Tagen nach Erhalt des Produkts eine entsprechende Erkl\u00e4rung abgibt. Zur Wahrung der Frist gen\u00fcgt es, die Widerrufserkl\u00e4rung per E-Mail an den Shop zu senden. Ein Muster f\u00fcr ein R\u00fcckgabeformular ist auf der Website verf\u00fcgbar.<\/p>\n<p>Im Falle des R\u00fccktritts vom Vertrag gilt der geschlossene Kaufvertrag als nicht abgeschlossen und der Verbraucher ist verpflichtet, das Produkt unverz\u00fcglich, sp\u00e4testens jedoch innerhalb von 14 Tagen ab dem Tag des R\u00fccktritts vom Vertrag an das Gesch\u00e4ft zur\u00fcckzusenden oder es einer vom Gesch\u00e4ft zur Entgegennahme bevollm\u00e4chtigten Person zu \u00fcbergeben, es sei denn, das Gesch\u00e4ft hat eine andere L\u00f6sung vorgeschlagen. Zur Wahrung der Frist gen\u00fcgt die rechtzeitige R\u00fccksendung des Produkts vor Ablauf der Frist.<\/p>\n<p>Im Falle des R\u00fccktritts von der Bestellung ist das Produkt an die Adresse von BOD-POL Sp. z o.o. mit Sitz in W\u00f3lka Pleba\u0144ska 86, 21-500 W\u00f3lka Pleba\u0144ska zur\u00fcckzusenden.<br \/>F\u00fcr weitere Informationen wenden Sie sich bitte per E-Mail an das Gesch\u00e4ft: sklep@bodpol24.pl.<\/p>\n<p>Der Kunde haftet f\u00fcr jede Wertminderung des Produkts, die sich beispielsweise aus der Nutzung des Produkts ergibt, die \u00fcber das hinausgeht, was zur Feststellung seiner Art, Funktionsweise und Eigenschaften erforderlich ist.<\/p>\n<p>Vorbehaltlich der vorgenannten Haftung erstattet der Shop den Wert des Produkts zusammen mit den Lieferkosten unter Verwendung der gleichen Zahlungsart, die bei der Bestellung verwendet wurde. Es sei denn, der Verbraucher hat einer anderen Form der R\u00fcckerstattung zugestimmt, bei der keine Kosten anfallen.<\/p>\n<p>Wenn der Shop dem Verbraucher nicht angeboten hat, das Produkt selbst abzuholen, kann der Shop die Erstattung so lange zur\u00fcckhalten, bis er das Produkt zur\u00fcckerhalten oder den Nachweis f\u00fcr die R\u00fccksendung erbracht hat, je nachdem, welches der fr\u00fchere Zeitpunkt ist.<\/p>\n<p>Der Verbraucher tr\u00e4gt die Kosten f\u00fcr die R\u00fccksendung des Produkts an den Shop.<\/p>\n<p>Die Frist von 14 Tagen, innerhalb derer der Verbraucher den Vertrag widerrufen kann, berechnet sich ab dem Tag, an dem der Verbraucher oder ein von ihm benannter Dritter die Ware in Besitz genommen hat, und im Falle einer Dienstleistung ab dem Tag des Vertragsabschlusses.<br \/>Das R\u00fccktrittsrecht von einem Fernabsatzvertrag gilt f\u00fcr den Verbraucher nicht, wenn es sich um einen Kaufvertrag handelt:<br \/>a. bei dem der Leistungsgegenstand ein individuelles Produkt ist, das nach den Anweisungen des Verbrauchers hergestellt wurde oder der Befriedigung seiner individuellen Bed\u00fcrfnisse dient.<br \/>b. bei denen der Leistungsgegenstand ein Produkt ist, das in einer versiegelten Verpackung geliefert wird, die ihrer Art nach untrennbar mit anderen Elementen verbunden ist.<br \/>c. bei denen der Leistungsgegenstand eine Dienstleistung ist, die mit ausdr\u00fccklicher Zustimmung des Verbrauchers erbracht wird, der vor Beginn der Leistung dar\u00fcber informiert wurde, dass er nach der Leistung des Shops sein Recht auf R\u00fccktritt vom Vertrag verliert.<\/p>\n<p>Sowohl der Shop als auch der Verbraucher haben das Recht, vom Vertrag zur\u00fcckzutreten, wenn die Vertragspartei ihre Verpflichtung nicht innerhalb einer genau festgelegten Frist erf\u00fcllt.<\/p>\n","protected":false},"excerpt":{"rendered":"<p>R\u00fcckgabebedingungen Ein Kunde, der ein Verbraucher ist und einen Fernabsatzvertrag abgeschlossen hat, kann den Vertrag ohne Angabe von Gr\u00fcnden widerrufen, indem er innerhalb von 14 Tagen nach Erhalt des Produkts eine entsprechende Erkl\u00e4rung abgibt. Zur Wahrung der Frist gen\u00fcgt es, die Widerrufserkl\u00e4rung per E-Mail an den Shop zu senden. Ein Muster f\u00fcr ein R\u00fcckgabeformular ist [&hellip;]<\/p>\n","protected":false},"author":1,"featured_media":0,"parent":0,"menu_order":0,"comment_status":"closed","ping_status":"closed","template":"","meta":{"site-sidebar-layout":"no-sidebar","site-content-layout":"page-builder","ast-site-content-layout":"","site-content-style":"default","site-sidebar-style":"default","ast-global-header-display":"","ast-banner-title-visibility":"","ast-main-header-display":"","ast-hfb-above-header-display":"","ast-hfb-below-header-display":"","ast-hfb-mobile-header-display":"","site-post-title":"disabled","ast-breadcrumbs-content":"","ast-featured-img":"disabled","footer-sml-layout":"","theme-transparent-header-meta":"","adv-header-id-meta":"","stick-header-meta":"","header-above-stick-meta":"","header-main-stick-meta":"","header-below-stick-meta":"","astra-migrate-meta-layouts":"default","ast-page-background-enabled":"default","ast-page-background-meta":{"desktop":{"background-color":"","background-image":"","background-repeat":"repeat","background-position":"center center","background-size":"auto","background-attachment":"scroll","background-type":"","background-media":"","overlay-type":"","overlay-color":"","overlay-opacity":"","overlay-gradient":""},"tablet":{"background-color":"","background-image":"","background-repeat":"repeat","background-position":"center center","background-size":"auto","background-attachment":"scroll","background-type":"","background-media":"","overlay-type":"","overlay-color":"","overlay-opacity":"","overlay-gradient":""},"mobile":{"background-color":"","background-image":"","background-repeat":"repeat","background-position":"center center","background-size":"auto","background-attachment":"scroll","background-type":"","background-media":"","overlay-type":"","overlay-color":"","overlay-opacity":"","overlay-gradient":""}},"ast-content-background-meta":{"desktop":{"background-color":"var(--ast-global-color-5)","background-image":"","background-repeat":"repeat","background-position":"center center","background-size":"auto","background-attachment":"scroll","background-type":"","background-media":"","overlay-type":"","overlay-color":"","overlay-opacity":"","overlay-gradient":""},"tablet":{"background-color":"var(--ast-global-color-5)","background-image":"","background-repeat":"repeat","background-position":"center center","background-size":"auto","background-attachment":"scroll","background-type":"","background-media":"","overlay-type":"","overlay-color":"","overlay-opacity":"","overlay-gradient":""},"mobile":{"background-color":"var(--ast-global-color-5)","background-image":"","background-repeat":"repeat","background-position":"center center","background-size":"auto","background-attachment":"scroll","background-type":"","background-media":"","overlay-type":"","overlay-color":"","overlay-opacity":"","overlay-gradient":""}},"footnotes":""},"class_list":["post-2240","page","type-page","status-publish","hentry"],"yoast_head":"<!-- This site is optimized with the Yoast SEO Premium plugin v23.9 (Yoast SEO v25.6) - https:\/\/yoast.com\/wordpress\/plugins\/seo\/ -->\n<title>R\u00fcckgabebedingungen - BOD-POL<\/title>\n<meta name=\"robots\" content=\"index, follow, max-snippet:-1, max-image-preview:large, max-video-preview:-1\" \/>\n<link rel=\"canonical\" href=\"https:\/\/bodpol24.pl\/de\/ruckgabebedingungen\/\" \/>\n<meta property=\"og:locale\" content=\"de_DE\" \/>\n<meta property=\"og:type\" content=\"article\" \/>\n<meta property=\"og:title\" content=\"R\u00fcckgabebedingungen\" \/>\n<meta property=\"og:description\" content=\"R\u00fcckgabebedingungen Ein Kunde, der ein Verbraucher ist und einen Fernabsatzvertrag abgeschlossen hat, kann den Vertrag ohne Angabe von Gr\u00fcnden widerrufen, indem er innerhalb von 14 Tagen nach Erhalt des Produkts eine entsprechende Erkl\u00e4rung abgibt. Zur Wahrung der Frist gen\u00fcgt es, die Widerrufserkl\u00e4rung per E-Mail an den Shop zu senden. Ein Muster f\u00fcr ein R\u00fcckgabeformular ist [&hellip;]\" \/>\n<meta property=\"og:url\" content=\"https:\/\/bodpol24.pl\/de\/ruckgabebedingungen\/\" \/>\n<meta property=\"og:site_name\" content=\"BOD-POL\" \/>\n<meta property=\"article:publisher\" content=\"https:\/\/www.facebook.com\/profile.php?id=100083361699380\" \/>\n<meta property=\"article:modified_time\" content=\"2023-04-14T09:02:24+00:00\" \/>\n<meta name=\"twitter:card\" content=\"summary_large_image\" \/>\n<meta name=\"twitter:label1\" content=\"Gesch\u00e4tzte Lesezeit\" \/>\n\t<meta name=\"twitter:data1\" content=\"3\u00a0Minuten\" \/>\n<script type=\"application\/ld+json\" class=\"yoast-schema-graph\">{\"@context\":\"https:\/\/schema.org\",\"@graph\":[{\"@type\":\"WebPage\",\"@id\":\"https:\/\/bodpol24.pl\/de\/ruckgabebedingungen\/\",\"url\":\"https:\/\/bodpol24.pl\/de\/ruckgabebedingungen\/\",\"name\":\"R\u00fcckgabebedingungen - BOD-POL\",\"isPartOf\":{\"@id\":\"https:\/\/bodpol24.pl\/de\/#website\"},\"datePublished\":\"2023-04-14T08:56:27+00:00\",\"dateModified\":\"2023-04-14T09:02:24+00:00\",\"breadcrumb\":{\"@id\":\"https:\/\/bodpol24.pl\/de\/ruckgabebedingungen\/#breadcrumb\"},\"inLanguage\":\"de\",\"potentialAction\":[{\"@type\":\"ReadAction\",\"target\":[\"https:\/\/bodpol24.pl\/de\/ruckgabebedingungen\/\"]}]},{\"@type\":\"BreadcrumbList\",\"@id\":\"https:\/\/bodpol24.pl\/de\/ruckgabebedingungen\/#breadcrumb\",\"itemListElement\":[{\"@type\":\"ListItem\",\"position\":1,\"name\":\"Strona g\u0142\u00f3wna\",\"item\":\"https:\/\/bodpol24.pl\/de\/sklep-online\/\"},{\"@type\":\"ListItem\",\"position\":2,\"name\":\"R\u00fcckgabebedingungen\"}]},{\"@type\":\"WebSite\",\"@id\":\"https:\/\/bodpol24.pl\/de\/#website\",\"url\":\"https:\/\/bodpol24.pl\/de\/\",\"name\":\"BOD-POL\",\"description\":\"Maszyny dla twojej firmy\",\"publisher\":{\"@id\":\"https:\/\/bodpol24.pl\/de\/#organization\"},\"potentialAction\":[{\"@type\":\"SearchAction\",\"target\":{\"@type\":\"EntryPoint\",\"urlTemplate\":\"https:\/\/bodpol24.pl\/de\/?s={search_term_string}\"},\"query-input\":{\"@type\":\"PropertyValueSpecification\",\"valueRequired\":true,\"valueName\":\"search_term_string\"}}],\"inLanguage\":\"de\"},{\"@type\":\"Organization\",\"@id\":\"https:\/\/bodpol24.pl\/de\/#organization\",\"name\":\"BOD-POL\",\"url\":\"https:\/\/bodpol24.pl\/de\/\",\"logo\":{\"@type\":\"ImageObject\",\"inLanguage\":\"de\",\"@id\":\"https:\/\/bodpol24.pl\/de\/#\/schema\/logo\/image\/\",\"url\":\"https:\/\/bodpol24.pl\/wp-content\/uploads\/2022\/06\/cropped-logo-bodpol24.png\",\"contentUrl\":\"https:\/\/bodpol24.pl\/wp-content\/uploads\/2022\/06\/cropped-logo-bodpol24.png\",\"width\":512,\"height\":512,\"caption\":\"BOD-POL\"},\"image\":{\"@id\":\"https:\/\/bodpol24.pl\/de\/#\/schema\/logo\/image\/\"},\"sameAs\":[\"https:\/\/www.facebook.com\/profile.php?id=100083361699380\"]}]}<\/script>\n<!-- \/ Yoast SEO Premium plugin. -->","yoast_head_json":{"title":"R\u00fcckgabebedingungen - BOD-POL","robots":{"index":"index","follow":"follow","max-snippet":"max-snippet:-1","max-image-preview":"max-image-preview:large","max-video-preview":"max-video-preview:-1"},"canonical":"https:\/\/bodpol24.pl\/de\/ruckgabebedingungen\/","og_locale":"de_DE","og_type":"article","og_title":"R\u00fcckgabebedingungen","og_description":"R\u00fcckgabebedingungen Ein Kunde, der ein Verbraucher ist und einen Fernabsatzvertrag abgeschlossen hat, kann den Vertrag ohne Angabe von Gr\u00fcnden widerrufen, indem er innerhalb von 14 Tagen nach Erhalt des Produkts eine entsprechende Erkl\u00e4rung abgibt. Zur Wahrung der Frist gen\u00fcgt es, die Widerrufserkl\u00e4rung per E-Mail an den Shop zu senden. Ein Muster f\u00fcr ein R\u00fcckgabeformular ist [&hellip;]","og_url":"https:\/\/bodpol24.pl\/de\/ruckgabebedingungen\/","og_site_name":"BOD-POL","article_publisher":"https:\/\/www.facebook.com\/profile.php?id=100083361699380","article_modified_time":"2023-04-14T09:02:24+00:00","twitter_card":"summary_large_image","twitter_misc":{"Gesch\u00e4tzte Lesezeit":"3\u00a0Minuten"},"schema":{"@context":"https:\/\/schema.org","@graph":[{"@type":"WebPage","@id":"https:\/\/bodpol24.pl\/de\/ruckgabebedingungen\/","url":"https:\/\/bodpol24.pl\/de\/ruckgabebedingungen\/","name":"R\u00fcckgabebedingungen - BOD-POL","isPartOf":{"@id":"https:\/\/bodpol24.pl\/de\/#website"},"datePublished":"2023-04-14T08:56:27+00:00","dateModified":"2023-04-14T09:02:24+00:00","breadcrumb":{"@id":"https:\/\/bodpol24.pl\/de\/ruckgabebedingungen\/#breadcrumb"},"inLanguage":"de","potentialAction":[{"@type":"ReadAction","target":["https:\/\/bodpol24.pl\/de\/ruckgabebedingungen\/"]}]},{"@type":"BreadcrumbList","@id":"https:\/\/bodpol24.pl\/de\/ruckgabebedingungen\/#breadcrumb","itemListElement":[{"@type":"ListItem","position":1,"name":"Strona g\u0142\u00f3wna","item":"https:\/\/bodpol24.pl\/de\/sklep-online\/"},{"@type":"ListItem","position":2,"name":"R\u00fcckgabebedingungen"}]},{"@type":"WebSite","@id":"https:\/\/bodpol24.pl\/de\/#website","url":"https:\/\/bodpol24.pl\/de\/","name":"BOD-POL","description":"Maszyny dla twojej firmy","publisher":{"@id":"https:\/\/bodpol24.pl\/de\/#organization"},"potentialAction":[{"@type":"SearchAction","target":{"@type":"EntryPoint","urlTemplate":"https:\/\/bodpol24.pl\/de\/?s={search_term_string}"},"query-input":{"@type":"PropertyValueSpecification","valueRequired":true,"valueName":"search_term_string"}}],"inLanguage":"de"},{"@type":"Organization","@id":"https:\/\/bodpol24.pl\/de\/#organization","name":"BOD-POL","url":"https:\/\/bodpol24.pl\/de\/","logo":{"@type":"ImageObject","inLanguage":"de","@id":"https:\/\/bodpol24.pl\/de\/#\/schema\/logo\/image\/","url":"https:\/\/bodpol24.pl\/wp-content\/uploads\/2022\/06\/cropped-logo-bodpol24.png","contentUrl":"https:\/\/bodpol24.pl\/wp-content\/uploads\/2022\/06\/cropped-logo-bodpol24.png","width":512,"height":512,"caption":"BOD-POL"},"image":{"@id":"https:\/\/bodpol24.pl\/de\/#\/schema\/logo\/image\/"},"sameAs":["https:\/\/www.facebook.com\/profile.php?id=100083361699380"]}]}},"_links":{"self":[{"href":"https:\/\/bodpol24.pl\/de\/wp-json\/wp\/v2\/pages\/2240"}],"collection":[{"href":"https:\/\/bodpol24.pl\/de\/wp-json\/wp\/v2\/pages"}],"about":[{"href":"https:\/\/bodpol24.pl\/de\/wp-json\/wp\/v2\/types\/page"}],"author":[{"embeddable":true,"href":"https:\/\/bodpol24.pl\/de\/wp-json\/wp\/v2\/users\/1"}],"replies":[{"embeddable":true,"href":"https:\/\/bodpol24.pl\/de\/wp-json\/wp\/v2\/comments?post=2240"}],"version-history":[{"count":4,"href":"https:\/\/bodpol24.pl\/de\/wp-json\/wp\/v2\/pages\/2240\/revisions"}],"predecessor-version":[{"id":2244,"href":"https:\/\/bodpol24.pl\/de\/wp-json\/wp\/v2\/pages\/2240\/revisions\/2244"}],"wp:attachment":[{"href":"https:\/\/bodpol24.pl\/de\/wp-json\/wp\/v2\/media?parent=2240"}],"curies":[{"name":"wp","href":"https:\/\/api.w.org\/{rel}","templated":true}]}}