{"id":2134,"date":"2022-06-04T01:02:55","date_gmt":"2022-06-03T23:02:55","guid":{"rendered":"https:\/\/bodpol24.pl\/przydatne-informacje\/"},"modified":"2023-04-07T12:35:01","modified_gmt":"2023-04-07T10:35:01","slug":"nuetzliche-infos","status":"publish","type":"page","link":"https:\/\/bodpol24.pl\/de\/nuetzliche-infos\/","title":{"rendered":"N\u00fctzliche Infos"},"content":{"rendered":"<style>\/*! elementor - v3.6.5 - 27-04-2022 *\/\n.e-container.e-container--row .elementor-spacer-inner{width:var(--spacer-size)}.e-container.e-container--column .elementor-spacer-inner,.elementor-column .elementor-spacer-inner{height:var(--spacer-size)}<\/style>\n<style>\/*! elementor - v3.6.5 - 27-04-2022 *\/\n.elementor-heading-title{padding:0;margin:0;line-height:1}.elementor-widget-heading .elementor-heading-title[class*=elementor-size-]>a{color:inherit;font-size:inherit;line-height:inherit}.elementor-widget-heading .elementor-heading-title.elementor-size-small{font-size:15px}.elementor-widget-heading .elementor-heading-title.elementor-size-medium{font-size:19px}.elementor-widget-heading .elementor-heading-title.elementor-size-large{font-size:29px}.elementor-widget-heading .elementor-heading-title.elementor-size-xl{font-size:39px}.elementor-widget-heading .elementor-heading-title.elementor-size-xxl{font-size:59px}<\/style>\n<h2>N\u00fctzliche Infos<\/h2>\n<style>\/*! elementor - v3.6.5 - 27-04-2022 *\/\n.elementor-toggle{text-align:left}.elementor-toggle .elementor-tab-title{font-weight:700;line-height:1;margin:0;padding:15px;border-bottom:1px solid #d4d4d4;cursor:pointer;outline:none}.elementor-toggle .elementor-tab-title .elementor-toggle-icon{display:inline-block;width:1em}.elementor-toggle .elementor-tab-title .elementor-toggle-icon svg{-webkit-margin-start:-5px;margin-inline-start:-5px;width:1em;height:1em}.elementor-toggle .elementor-tab-title .elementor-toggle-icon.elementor-toggle-icon-right{float:right;text-align:right}.elementor-toggle .elementor-tab-title .elementor-toggle-icon.elementor-toggle-icon-left{float:left;text-align:left}.elementor-toggle .elementor-tab-title .elementor-toggle-icon .elementor-toggle-icon-closed{display:block}.elementor-toggle .elementor-tab-title .elementor-toggle-icon .elementor-toggle-icon-opened{display:none}.elementor-toggle .elementor-tab-title.elementor-active{border-bottom:none}.elementor-toggle .elementor-tab-title.elementor-active .elementor-toggle-icon-closed{display:none}.elementor-toggle .elementor-tab-title.elementor-active .elementor-toggle-icon-opened{display:block}.elementor-toggle .elementor-tab-content{padding:15px;border-bottom:1px solid #d4d4d4;display:none}@media (max-width:767px){.elementor-toggle .elementor-tab-title{padding:12px}.elementor-toggle .elementor-tab-content{padding:12px 10px}}<\/style>\n<p>\t\t\t\t\t\t\t\t\t\t\t\t<a href=\"\">Was f\u00fcr eine Ausstattung bieten wir unseren Kunden an?<\/a><\/p>\n<p>In unserem Angebot finden Sie echte Vielfalt an zuverl\u00e4ssigen Ger\u00e4ten, die mit Holzverarbeitung verbunden sind, sowie Maschinen f\u00fcr Fleischindustrie. Es sind Pelletpressen f\u00fcr Industrie &#8211; hochdrehend und mit niedriger Drehzahl &#8211; f\u00fcr Tierfutter- und Pelletherstellung, Holzzerkleinerungs- und Hackmaschinen, mit Verbrennungs- und Elektromotoren, F\u00f6rderschnecken sowie Hammerm\u00fchlen.<\/p>\n<p>\t\t\t\t\t\t\t\t\t\t\t\t<a href=\"\">Warum sollten Sie die Ger\u00e4te eben bei uns bestellen?<\/a><\/p>\n<p lang=\"de-DE\">Die in unserem Angebot stehenden Maschinen sind sorgf\u00e4ltig von inl\u00e4ndischen Fachexperten ausgew\u00e4hlte Ger\u00e4te, die Ihnen jahrelang n\u00fctzlich sein werden. Wir legen besonderen Wert auf die Qualit\u00e4t der angebotenen Ausr\u00fcstung, arbeiten mit einer Agentur zusammen, die die Qualit\u00e4t von den von uns eingef\u00fchrten Produkten auf technische Standards, Qualit\u00e4tsnormen und Sicherheit \u00fcberpr\u00fcft.<\/p>\n<p>\t\t\t\t\t\t\t\t\t\t\t\t<a href=\"\">An wen richtet sich unser Angebot?<\/a><\/p>\n<p>Die von uns angebotenen Ger\u00e4te finden umfassend Anwendung. Sie k\u00f6nnen einerseits im Haushalt eingesetzt werden: bei Hobby-Holzverarbeitung, bei Gr\u00fcnanlagen, von jedem Kleing\u00e4rtner, durch Landwirtschaften und Zuchtfarmen. Auf der anderen Seite bew\u00e4hren sie sich hervorragend in der Holzindustrie, bei Betrieben, die sich professionell mit Holzverarbeitung oder Landwirtschaft besch\u00e4ftigen.<\/p>\n<p>\t\t\t\t\t\t\t\t\t\t\t\t<a href=\"\">Leisten wir Garantie f\u00fcr die angebotenen Maschinen?<\/a><\/p>\n<p lang=\"de-DE\">Wir \u00fcbernehmen volle Garantie f\u00fcr alle erh\u00e4ltlichen Produkte f\u00fcr den Zeitraum von 12 Monaten.<\/p>\n<p>\t\t\t\t\t\t\t\t\t\t\t\t<a href=\"\">Besitzen unsere Ger\u00e4te Qualit\u00e4tszertifikate?<\/a><\/p>\n<p lang=\"de-DE\">Die Sicherheit und die Kundenzufriedenheit sind f\u00fcr uns die grundlegenden Werte. Wir bieten ausschlie\u00dflich v\u00f6llig zertifizierte Maschinen an.<\/p>\n<p>\t\t\t\t\t\t\t\t\t\t\t\t<a href=\"\">Wie kann man die von uns angebotenen Ger\u00e4te erhalten?<\/a><\/p>\n<p lang=\"de-DE\">Sie k\u00f6nnen die bestellten Ger\u00e4te pers\u00f6nlich ab unserem Lager abholen. Ebenfalls bieten wir die Lieferung polenweit, und zwar unter Vermittlung einer Transportfirma.<\/p>\n<p>\t\t\t\t\t\t\t\t\t\t\t\t<a href=\"\">Gibt es die M\u00f6glichkeit, die derzeitig nicht erh\u00e4ltlichen Ger\u00e4te auf der Webseite zu bestellen?<\/a><\/p>\n<p lang=\"de-DE\">Ja, solche M\u00f6glichkeit bieten wir Ihnen gerne. Bei Fragen bez\u00fcglich derzeitig nicht erh\u00e4ltlicher Maschinen bitten wir um Kontakt telefonisch mit unserem Serviceb\u00fcro. Ein solcher Auftrag wird innerhalb von ca. 30 Tagen ausgef\u00fchrt.<\/p>\n<p>\t\t\t\t\t\t\t\t\t\t\t\t<a href=\"\">Was k\u00f6nnen die von uns hergestellten Pelletpressen granulieren\/pelletieren?<\/a><\/p>\n<p lang=\"de-DE\">Je nach Typ und technischen Parametern k\u00f6nnen unsere Pelletpressen Rohstoffe wie Weich- und Hartholzsp\u00e4ne, Futter- und Nicht-Futtermischungen, Abf\u00e4lle der Biosmasse, Heu, Stroh, Reish\u00fclsen, Nussschalen, Papier usw. verarbeiten.<\/p>\n","protected":false},"excerpt":{"rendered":"<p>N\u00fctzliche Infos Was f\u00fcr eine Ausstattung bieten wir unseren Kunden an? In unserem Angebot finden Sie echte Vielfalt an zuverl\u00e4ssigen Ger\u00e4ten, die mit Holzverarbeitung verbunden sind, sowie Maschinen f\u00fcr Fleischindustrie. Es sind Pelletpressen f\u00fcr Industrie &#8211; hochdrehend und mit niedriger Drehzahl &#8211; f\u00fcr Tierfutter- und Pelletherstellung, Holzzerkleinerungs- und Hackmaschinen, mit Verbrennungs- und Elektromotoren, F\u00f6rderschnecken sowie [&hellip;]<\/p>\n","protected":false},"author":1,"featured_media":0,"parent":0,"menu_order":0,"comment_status":"closed","ping_status":"closed","template":"","meta":{"site-sidebar-layout":"no-sidebar","site-content-layout":"page-builder","ast-site-content-layout":"","site-content-style":"default","site-sidebar-style":"default","ast-global-header-display":"","ast-banner-title-visibility":"","ast-main-header-display":"","ast-hfb-above-header-display":"","ast-hfb-below-header-display":"","ast-hfb-mobile-header-display":"","site-post-title":"disabled","ast-breadcrumbs-content":"","ast-featured-img":"disabled","footer-sml-layout":"","theme-transparent-header-meta":"","adv-header-id-meta":"","stick-header-meta":"","header-above-stick-meta":"","header-main-stick-meta":"","header-below-stick-meta":"","astra-migrate-meta-layouts":"default","ast-page-background-enabled":"default","ast-page-background-meta":{"desktop":{"background-color":"","background-image":"","background-repeat":"repeat","background-position":"center center","background-size":"auto","background-attachment":"scroll","background-type":"","background-media":"","overlay-type":"","overlay-color":"","overlay-opacity":"","overlay-gradient":""},"tablet":{"background-color":"","background-image":"","background-repeat":"repeat","background-position":"center center","background-size":"auto","background-attachment":"scroll","background-type":"","background-media":"","overlay-type":"","overlay-color":"","overlay-opacity":"","overlay-gradient":""},"mobile":{"background-color":"","background-image":"","background-repeat":"repeat","background-position":"center center","background-size":"auto","background-attachment":"scroll","background-type":"","background-media":"","overlay-type":"","overlay-color":"","overlay-opacity":"","overlay-gradient":""}},"ast-content-background-meta":{"desktop":{"background-color":"var(--ast-global-color-5)","background-image":"","background-repeat":"repeat","background-position":"center center","background-size":"auto","background-attachment":"scroll","background-type":"","background-media":"","overlay-type":"","overlay-color":"","overlay-opacity":"","overlay-gradient":""},"tablet":{"background-color":"var(--ast-global-color-5)","background-image":"","background-repeat":"repeat","background-position":"center center","background-size":"auto","background-attachment":"scroll","background-type":"","background-media":"","overlay-type":"","overlay-color":"","overlay-opacity":"","overlay-gradient":""},"mobile":{"background-color":"var(--ast-global-color-5)","background-image":"","background-repeat":"repeat","background-position":"center center","background-size":"auto","background-attachment":"scroll","background-type":"","background-media":"","overlay-type":"","overlay-color":"","overlay-opacity":"","overlay-gradient":""}},"footnotes":""},"class_list":["post-2134","page","type-page","status-publish","hentry"],"yoast_head":"<!-- This site is optimized with the Yoast SEO Premium plugin v23.9 (Yoast SEO v25.6) - https:\/\/yoast.com\/wordpress\/plugins\/seo\/ -->\n<title>N\u00fctzliche Infos - BOD-POL<\/title>\n<meta name=\"robots\" content=\"index, follow, max-snippet:-1, max-image-preview:large, max-video-preview:-1\" \/>\n<link rel=\"canonical\" href=\"https:\/\/bodpol24.pl\/de\/nuetzliche-infos\/\" \/>\n<meta property=\"og:locale\" content=\"de_DE\" \/>\n<meta property=\"og:type\" content=\"article\" \/>\n<meta property=\"og:title\" content=\"N\u00fctzliche Infos\" \/>\n<meta property=\"og:description\" content=\"N\u00fctzliche Infos Was f\u00fcr eine Ausstattung bieten wir unseren Kunden an? In unserem Angebot finden Sie echte Vielfalt an zuverl\u00e4ssigen Ger\u00e4ten, die mit Holzverarbeitung verbunden sind, sowie Maschinen f\u00fcr Fleischindustrie. Es sind Pelletpressen f\u00fcr Industrie &#8211; hochdrehend und mit niedriger Drehzahl &#8211; f\u00fcr Tierfutter- und Pelletherstellung, Holzzerkleinerungs- und Hackmaschinen, mit Verbrennungs- und Elektromotoren, F\u00f6rderschnecken sowie [&hellip;]\" \/>\n<meta property=\"og:url\" content=\"https:\/\/bodpol24.pl\/de\/nuetzliche-infos\/\" \/>\n<meta property=\"og:site_name\" content=\"BOD-POL\" \/>\n<meta property=\"article:publisher\" content=\"https:\/\/www.facebook.com\/profile.php?id=100083361699380\" \/>\n<meta property=\"article:modified_time\" content=\"2023-04-07T10:35:01+00:00\" \/>\n<meta name=\"twitter:card\" content=\"summary_large_image\" \/>\n<meta name=\"twitter:label1\" content=\"Gesch\u00e4tzte Lesezeit\" \/>\n\t<meta name=\"twitter:data1\" content=\"2\u00a0Minuten\" \/>\n<script type=\"application\/ld+json\" class=\"yoast-schema-graph\">{\"@context\":\"https:\/\/schema.org\",\"@graph\":[{\"@type\":\"WebPage\",\"@id\":\"https:\/\/bodpol24.pl\/de\/nuetzliche-infos\/\",\"url\":\"https:\/\/bodpol24.pl\/de\/nuetzliche-infos\/\",\"name\":\"N\u00fctzliche Infos - BOD-POL\",\"isPartOf\":{\"@id\":\"https:\/\/bodpol24.pl\/de\/#website\"},\"datePublished\":\"2022-06-03T23:02:55+00:00\",\"dateModified\":\"2023-04-07T10:35:01+00:00\",\"breadcrumb\":{\"@id\":\"https:\/\/bodpol24.pl\/de\/nuetzliche-infos\/#breadcrumb\"},\"inLanguage\":\"de\",\"potentialAction\":[{\"@type\":\"ReadAction\",\"target\":[\"https:\/\/bodpol24.pl\/de\/nuetzliche-infos\/\"]}]},{\"@type\":\"BreadcrumbList\",\"@id\":\"https:\/\/bodpol24.pl\/de\/nuetzliche-infos\/#breadcrumb\",\"itemListElement\":[{\"@type\":\"ListItem\",\"position\":1,\"name\":\"Strona g\u0142\u00f3wna\",\"item\":\"https:\/\/bodpol24.pl\/de\/sklep-online\/\"},{\"@type\":\"ListItem\",\"position\":2,\"name\":\"N\u00fctzliche Infos\"}]},{\"@type\":\"WebSite\",\"@id\":\"https:\/\/bodpol24.pl\/de\/#website\",\"url\":\"https:\/\/bodpol24.pl\/de\/\",\"name\":\"BOD-POL\",\"description\":\"Maszyny dla twojej firmy\",\"publisher\":{\"@id\":\"https:\/\/bodpol24.pl\/de\/#organization\"},\"potentialAction\":[{\"@type\":\"SearchAction\",\"target\":{\"@type\":\"EntryPoint\",\"urlTemplate\":\"https:\/\/bodpol24.pl\/de\/?s={search_term_string}\"},\"query-input\":{\"@type\":\"PropertyValueSpecification\",\"valueRequired\":true,\"valueName\":\"search_term_string\"}}],\"inLanguage\":\"de\"},{\"@type\":\"Organization\",\"@id\":\"https:\/\/bodpol24.pl\/de\/#organization\",\"name\":\"BOD-POL\",\"url\":\"https:\/\/bodpol24.pl\/de\/\",\"logo\":{\"@type\":\"ImageObject\",\"inLanguage\":\"de\",\"@id\":\"https:\/\/bodpol24.pl\/de\/#\/schema\/logo\/image\/\",\"url\":\"https:\/\/bodpol24.pl\/wp-content\/uploads\/2022\/06\/cropped-logo-bodpol24.png\",\"contentUrl\":\"https:\/\/bodpol24.pl\/wp-content\/uploads\/2022\/06\/cropped-logo-bodpol24.png\",\"width\":512,\"height\":512,\"caption\":\"BOD-POL\"},\"image\":{\"@id\":\"https:\/\/bodpol24.pl\/de\/#\/schema\/logo\/image\/\"},\"sameAs\":[\"https:\/\/www.facebook.com\/profile.php?id=100083361699380\"]}]}<\/script>\n<!-- \/ Yoast SEO Premium plugin. -->","yoast_head_json":{"title":"N\u00fctzliche Infos - BOD-POL","robots":{"index":"index","follow":"follow","max-snippet":"max-snippet:-1","max-image-preview":"max-image-preview:large","max-video-preview":"max-video-preview:-1"},"canonical":"https:\/\/bodpol24.pl\/de\/nuetzliche-infos\/","og_locale":"de_DE","og_type":"article","og_title":"N\u00fctzliche Infos","og_description":"N\u00fctzliche Infos Was f\u00fcr eine Ausstattung bieten wir unseren Kunden an? In unserem Angebot finden Sie echte Vielfalt an zuverl\u00e4ssigen Ger\u00e4ten, die mit Holzverarbeitung verbunden sind, sowie Maschinen f\u00fcr Fleischindustrie. Es sind Pelletpressen f\u00fcr Industrie &#8211; hochdrehend und mit niedriger Drehzahl &#8211; f\u00fcr Tierfutter- und Pelletherstellung, Holzzerkleinerungs- und Hackmaschinen, mit Verbrennungs- und Elektromotoren, F\u00f6rderschnecken sowie [&hellip;]","og_url":"https:\/\/bodpol24.pl\/de\/nuetzliche-infos\/","og_site_name":"BOD-POL","article_publisher":"https:\/\/www.facebook.com\/profile.php?id=100083361699380","article_modified_time":"2023-04-07T10:35:01+00:00","twitter_card":"summary_large_image","twitter_misc":{"Gesch\u00e4tzte Lesezeit":"2\u00a0Minuten"},"schema":{"@context":"https:\/\/schema.org","@graph":[{"@type":"WebPage","@id":"https:\/\/bodpol24.pl\/de\/nuetzliche-infos\/","url":"https:\/\/bodpol24.pl\/de\/nuetzliche-infos\/","name":"N\u00fctzliche Infos - BOD-POL","isPartOf":{"@id":"https:\/\/bodpol24.pl\/de\/#website"},"datePublished":"2022-06-03T23:02:55+00:00","dateModified":"2023-04-07T10:35:01+00:00","breadcrumb":{"@id":"https:\/\/bodpol24.pl\/de\/nuetzliche-infos\/#breadcrumb"},"inLanguage":"de","potentialAction":[{"@type":"ReadAction","target":["https:\/\/bodpol24.pl\/de\/nuetzliche-infos\/"]}]},{"@type":"BreadcrumbList","@id":"https:\/\/bodpol24.pl\/de\/nuetzliche-infos\/#breadcrumb","itemListElement":[{"@type":"ListItem","position":1,"name":"Strona g\u0142\u00f3wna","item":"https:\/\/bodpol24.pl\/de\/sklep-online\/"},{"@type":"ListItem","position":2,"name":"N\u00fctzliche Infos"}]},{"@type":"WebSite","@id":"https:\/\/bodpol24.pl\/de\/#website","url":"https:\/\/bodpol24.pl\/de\/","name":"BOD-POL","description":"Maszyny dla twojej firmy","publisher":{"@id":"https:\/\/bodpol24.pl\/de\/#organization"},"potentialAction":[{"@type":"SearchAction","target":{"@type":"EntryPoint","urlTemplate":"https:\/\/bodpol24.pl\/de\/?s={search_term_string}"},"query-input":{"@type":"PropertyValueSpecification","valueRequired":true,"valueName":"search_term_string"}}],"inLanguage":"de"},{"@type":"Organization","@id":"https:\/\/bodpol24.pl\/de\/#organization","name":"BOD-POL","url":"https:\/\/bodpol24.pl\/de\/","logo":{"@type":"ImageObject","inLanguage":"de","@id":"https:\/\/bodpol24.pl\/de\/#\/schema\/logo\/image\/","url":"https:\/\/bodpol24.pl\/wp-content\/uploads\/2022\/06\/cropped-logo-bodpol24.png","contentUrl":"https:\/\/bodpol24.pl\/wp-content\/uploads\/2022\/06\/cropped-logo-bodpol24.png","width":512,"height":512,"caption":"BOD-POL"},"image":{"@id":"https:\/\/bodpol24.pl\/de\/#\/schema\/logo\/image\/"},"sameAs":["https:\/\/www.facebook.com\/profile.php?id=100083361699380"]}]}},"_links":{"self":[{"href":"https:\/\/bodpol24.pl\/de\/wp-json\/wp\/v2\/pages\/2134"}],"collection":[{"href":"https:\/\/bodpol24.pl\/de\/wp-json\/wp\/v2\/pages"}],"about":[{"href":"https:\/\/bodpol24.pl\/de\/wp-json\/wp\/v2\/types\/page"}],"author":[{"embeddable":true,"href":"https:\/\/bodpol24.pl\/de\/wp-json\/wp\/v2\/users\/1"}],"replies":[{"embeddable":true,"href":"https:\/\/bodpol24.pl\/de\/wp-json\/wp\/v2\/comments?post=2134"}],"version-history":[{"count":4,"href":"https:\/\/bodpol24.pl\/de\/wp-json\/wp\/v2\/pages\/2134\/revisions"}],"predecessor-version":[{"id":2139,"href":"https:\/\/bodpol24.pl\/de\/wp-json\/wp\/v2\/pages\/2134\/revisions\/2139"}],"wp:attachment":[{"href":"https:\/\/bodpol24.pl\/de\/wp-json\/wp\/v2\/media?parent=2134"}],"curies":[{"name":"wp","href":"https:\/\/api.w.org\/{rel}","templated":true}]}}