{"id":2130,"date":"2017-08-23T13:19:41","date_gmt":"2017-08-23T11:19:41","guid":{"rendered":"https:\/\/bodpol24.pl\/kontakt\/"},"modified":"2023-04-07T12:26:22","modified_gmt":"2023-04-07T10:26:22","slug":"kontakt","status":"publish","type":"page","link":"https:\/\/bodpol24.pl\/de\/kontakt\/","title":{"rendered":"Kontakt"},"content":{"rendered":"<style>\/*! elementor - v3.6.5 - 27-04-2022 *\/\n.elementor-heading-title{padding:0;margin:0;line-height:1}.elementor-widget-heading .elementor-heading-title[class*=elementor-size-]>a{color:inherit;font-size:inherit;line-height:inherit}.elementor-widget-heading .elementor-heading-title.elementor-size-small{font-size:15px}.elementor-widget-heading .elementor-heading-title.elementor-size-medium{font-size:19px}.elementor-widget-heading .elementor-heading-title.elementor-size-large{font-size:29px}.elementor-widget-heading .elementor-heading-title.elementor-size-xl{font-size:39px}.elementor-widget-heading .elementor-heading-title.elementor-size-xxl{font-size:59px}<\/style>\n<h1>Kontakt<\/h1>\n<p>Falls Sie Bedenken bei unseren Produkten oder erteilten Bestellungen h\u00e4tten, nehmen Sie bitte Kontakt zu unseren Experten auf. Wir stellen Ihnen volle Unterst\u00fctzung und umfassenden Service zur Verf\u00fcgung.<\/p>\n<link rel=\"stylesheet\" href=\"https:\/\/bodpol24.pl\/wp-content\/plugins\/elementor\/assets\/css\/widget-icon-box.min.css\">\n\t\t\t\t<a href=\"tel:+48690800254\"><br \/>\n\t\t\t\t\t\t\t\t<\/a><\/p>\n<h3>\n\t\t\t\t\t<a href=\"tel:+48690800254\" ><br \/>\n\t\t\t\t\t\tRufen Sie uns an\t\t\t\t\t<\/a><br \/>\n\t\t\t\t<\/h3>\n<p>\n\t\t\t\t\t\t<a href=\"tel:+48690800254\">+48 690 800 254<\/a>\t\t\t\t\t<\/p>\n<p>\t\t\t\t<a href=\"mailto:sklep@bodpol24.pl\"><br \/>\n\t\t\t\t\t\t\t\t<\/a><\/p>\n<h3>\n\t\t\t\t\t<a href=\"mailto:sklep@bodpol24.pl\" ><br \/>\n\t\t\t\t\t\tSchreiben Sie uns\t\t\t\t\t<\/a><br \/>\n\t\t\t\t<\/h3>\n<p>\n\t\t\t\t\t\t<a href=\"mailto:sklep@bodpol24.pl\">sklep@bodpol24.pl<\/a>\t\t\t\t\t<\/p>\n<style>\/*! elementor - v3.6.5 - 27-04-2022 *\/\n.e-container.e-container--row .elementor-spacer-inner{width:var(--spacer-size)}.e-container.e-container--column .elementor-spacer-inner,.elementor-column .elementor-spacer-inner{height:var(--spacer-size)}<\/style>\n","protected":false},"excerpt":{"rendered":"<p>Kontakt Falls Sie Bedenken bei unseren Produkten oder erteilten Bestellungen h\u00e4tten, nehmen Sie bitte Kontakt zu unseren Experten auf. Wir stellen Ihnen volle Unterst\u00fctzung und umfassenden Service zur Verf\u00fcgung. Rufen Sie uns an +48 690 800 254 Schreiben Sie uns sklep@bodpol24.pl<\/p>\n","protected":false},"author":1,"featured_media":0,"parent":0,"menu_order":0,"comment_status":"closed","ping_status":"closed","template":"","meta":{"site-sidebar-layout":"no-sidebar","site-content-layout":"page-builder","ast-site-content-layout":"","site-content-style":"default","site-sidebar-style":"default","ast-global-header-display":"","ast-banner-title-visibility":"","ast-main-header-display":"","ast-hfb-above-header-display":"","ast-hfb-below-header-display":"","ast-hfb-mobile-header-display":"","site-post-title":"disabled","ast-breadcrumbs-content":"","ast-featured-img":"disabled","footer-sml-layout":"","theme-transparent-header-meta":"default","adv-header-id-meta":"","stick-header-meta":"","header-above-stick-meta":"","header-main-stick-meta":"","header-below-stick-meta":"","astra-migrate-meta-layouts":"default","ast-page-background-enabled":"default","ast-page-background-meta":{"desktop":{"background-color":"","background-image":"","background-repeat":"repeat","background-position":"center center","background-size":"auto","background-attachment":"scroll","background-type":"","background-media":"","overlay-type":"","overlay-color":"","overlay-opacity":"","overlay-gradient":""},"tablet":{"background-color":"","background-image":"","background-repeat":"repeat","background-position":"center center","background-size":"auto","background-attachment":"scroll","background-type":"","background-media":"","overlay-type":"","overlay-color":"","overlay-opacity":"","overlay-gradient":""},"mobile":{"background-color":"","background-image":"","background-repeat":"repeat","background-position":"center center","background-size":"auto","background-attachment":"scroll","background-type":"","background-media":"","overlay-type":"","overlay-color":"","overlay-opacity":"","overlay-gradient":""}},"ast-content-background-meta":{"desktop":{"background-color":"var(--ast-global-color-5)","background-image":"","background-repeat":"repeat","background-position":"center center","background-size":"auto","background-attachment":"scroll","background-type":"","background-media":"","overlay-type":"","overlay-color":"","overlay-opacity":"","overlay-gradient":""},"tablet":{"background-color":"var(--ast-global-color-5)","background-image":"","background-repeat":"repeat","background-position":"center center","background-size":"auto","background-attachment":"scroll","background-type":"","background-media":"","overlay-type":"","overlay-color":"","overlay-opacity":"","overlay-gradient":""},"mobile":{"background-color":"var(--ast-global-color-5)","background-image":"","background-repeat":"repeat","background-position":"center center","background-size":"auto","background-attachment":"scroll","background-type":"","background-media":"","overlay-type":"","overlay-color":"","overlay-opacity":"","overlay-gradient":""}},"footnotes":""},"class_list":["post-2130","page","type-page","status-publish","hentry"],"yoast_head":"<!-- This site is optimized with the Yoast SEO Premium plugin v23.9 (Yoast SEO v25.6) - https:\/\/yoast.com\/wordpress\/plugins\/seo\/ -->\n<title>Kontakt - BOD-POL<\/title>\n<meta name=\"robots\" content=\"index, follow, max-snippet:-1, max-image-preview:large, max-video-preview:-1\" \/>\n<link rel=\"canonical\" href=\"https:\/\/bodpol24.pl\/de\/kontakt\/\" \/>\n<meta property=\"og:locale\" content=\"de_DE\" \/>\n<meta property=\"og:type\" content=\"article\" \/>\n<meta property=\"og:title\" content=\"Kontakt\" \/>\n<meta property=\"og:description\" content=\"Kontakt Falls Sie Bedenken bei unseren Produkten oder erteilten Bestellungen h\u00e4tten, nehmen Sie bitte Kontakt zu unseren Experten auf. Wir stellen Ihnen volle Unterst\u00fctzung und umfassenden Service zur Verf\u00fcgung. Rufen Sie uns an +48 690 800 254 Schreiben Sie uns sklep@bodpol24.pl\" \/>\n<meta property=\"og:url\" content=\"https:\/\/bodpol24.pl\/de\/kontakt\/\" \/>\n<meta property=\"og:site_name\" content=\"BOD-POL\" \/>\n<meta property=\"article:publisher\" content=\"https:\/\/www.facebook.com\/profile.php?id=100083361699380\" \/>\n<meta property=\"article:modified_time\" content=\"2023-04-07T10:26:22+00:00\" \/>\n<meta name=\"twitter:card\" content=\"summary_large_image\" \/>\n<meta name=\"twitter:label1\" content=\"Gesch\u00e4tzte Lesezeit\" \/>\n\t<meta name=\"twitter:data1\" content=\"1\u00a0Minute\" \/>\n<script type=\"application\/ld+json\" class=\"yoast-schema-graph\">{\"@context\":\"https:\/\/schema.org\",\"@graph\":[{\"@type\":\"WebPage\",\"@id\":\"https:\/\/bodpol24.pl\/de\/kontakt\/\",\"url\":\"https:\/\/bodpol24.pl\/de\/kontakt\/\",\"name\":\"Kontakt - BOD-POL\",\"isPartOf\":{\"@id\":\"https:\/\/bodpol24.pl\/de\/#website\"},\"datePublished\":\"2017-08-23T11:19:41+00:00\",\"dateModified\":\"2023-04-07T10:26:22+00:00\",\"breadcrumb\":{\"@id\":\"https:\/\/bodpol24.pl\/de\/kontakt\/#breadcrumb\"},\"inLanguage\":\"de\",\"potentialAction\":[{\"@type\":\"ReadAction\",\"target\":[\"https:\/\/bodpol24.pl\/de\/kontakt\/\"]}]},{\"@type\":\"BreadcrumbList\",\"@id\":\"https:\/\/bodpol24.pl\/de\/kontakt\/#breadcrumb\",\"itemListElement\":[{\"@type\":\"ListItem\",\"position\":1,\"name\":\"Strona g\u0142\u00f3wna\",\"item\":\"https:\/\/bodpol24.pl\/de\/sklep-online\/\"},{\"@type\":\"ListItem\",\"position\":2,\"name\":\"Kontakt\"}]},{\"@type\":\"WebSite\",\"@id\":\"https:\/\/bodpol24.pl\/de\/#website\",\"url\":\"https:\/\/bodpol24.pl\/de\/\",\"name\":\"BOD-POL\",\"description\":\"Maszyny dla twojej firmy\",\"publisher\":{\"@id\":\"https:\/\/bodpol24.pl\/de\/#organization\"},\"potentialAction\":[{\"@type\":\"SearchAction\",\"target\":{\"@type\":\"EntryPoint\",\"urlTemplate\":\"https:\/\/bodpol24.pl\/de\/?s={search_term_string}\"},\"query-input\":{\"@type\":\"PropertyValueSpecification\",\"valueRequired\":true,\"valueName\":\"search_term_string\"}}],\"inLanguage\":\"de\"},{\"@type\":\"Organization\",\"@id\":\"https:\/\/bodpol24.pl\/de\/#organization\",\"name\":\"BOD-POL\",\"url\":\"https:\/\/bodpol24.pl\/de\/\",\"logo\":{\"@type\":\"ImageObject\",\"inLanguage\":\"de\",\"@id\":\"https:\/\/bodpol24.pl\/de\/#\/schema\/logo\/image\/\",\"url\":\"https:\/\/bodpol24.pl\/wp-content\/uploads\/2022\/06\/cropped-logo-bodpol24.png\",\"contentUrl\":\"https:\/\/bodpol24.pl\/wp-content\/uploads\/2022\/06\/cropped-logo-bodpol24.png\",\"width\":512,\"height\":512,\"caption\":\"BOD-POL\"},\"image\":{\"@id\":\"https:\/\/bodpol24.pl\/de\/#\/schema\/logo\/image\/\"},\"sameAs\":[\"https:\/\/www.facebook.com\/profile.php?id=100083361699380\"]}]}<\/script>\n<!-- \/ Yoast SEO Premium plugin. -->","yoast_head_json":{"title":"Kontakt - BOD-POL","robots":{"index":"index","follow":"follow","max-snippet":"max-snippet:-1","max-image-preview":"max-image-preview:large","max-video-preview":"max-video-preview:-1"},"canonical":"https:\/\/bodpol24.pl\/de\/kontakt\/","og_locale":"de_DE","og_type":"article","og_title":"Kontakt","og_description":"Kontakt Falls Sie Bedenken bei unseren Produkten oder erteilten Bestellungen h\u00e4tten, nehmen Sie bitte Kontakt zu unseren Experten auf. Wir stellen Ihnen volle Unterst\u00fctzung und umfassenden Service zur Verf\u00fcgung. Rufen Sie uns an +48 690 800 254 Schreiben Sie uns sklep@bodpol24.pl","og_url":"https:\/\/bodpol24.pl\/de\/kontakt\/","og_site_name":"BOD-POL","article_publisher":"https:\/\/www.facebook.com\/profile.php?id=100083361699380","article_modified_time":"2023-04-07T10:26:22+00:00","twitter_card":"summary_large_image","twitter_misc":{"Gesch\u00e4tzte Lesezeit":"1\u00a0Minute"},"schema":{"@context":"https:\/\/schema.org","@graph":[{"@type":"WebPage","@id":"https:\/\/bodpol24.pl\/de\/kontakt\/","url":"https:\/\/bodpol24.pl\/de\/kontakt\/","name":"Kontakt - BOD-POL","isPartOf":{"@id":"https:\/\/bodpol24.pl\/de\/#website"},"datePublished":"2017-08-23T11:19:41+00:00","dateModified":"2023-04-07T10:26:22+00:00","breadcrumb":{"@id":"https:\/\/bodpol24.pl\/de\/kontakt\/#breadcrumb"},"inLanguage":"de","potentialAction":[{"@type":"ReadAction","target":["https:\/\/bodpol24.pl\/de\/kontakt\/"]}]},{"@type":"BreadcrumbList","@id":"https:\/\/bodpol24.pl\/de\/kontakt\/#breadcrumb","itemListElement":[{"@type":"ListItem","position":1,"name":"Strona g\u0142\u00f3wna","item":"https:\/\/bodpol24.pl\/de\/sklep-online\/"},{"@type":"ListItem","position":2,"name":"Kontakt"}]},{"@type":"WebSite","@id":"https:\/\/bodpol24.pl\/de\/#website","url":"https:\/\/bodpol24.pl\/de\/","name":"BOD-POL","description":"Maszyny dla twojej firmy","publisher":{"@id":"https:\/\/bodpol24.pl\/de\/#organization"},"potentialAction":[{"@type":"SearchAction","target":{"@type":"EntryPoint","urlTemplate":"https:\/\/bodpol24.pl\/de\/?s={search_term_string}"},"query-input":{"@type":"PropertyValueSpecification","valueRequired":true,"valueName":"search_term_string"}}],"inLanguage":"de"},{"@type":"Organization","@id":"https:\/\/bodpol24.pl\/de\/#organization","name":"BOD-POL","url":"https:\/\/bodpol24.pl\/de\/","logo":{"@type":"ImageObject","inLanguage":"de","@id":"https:\/\/bodpol24.pl\/de\/#\/schema\/logo\/image\/","url":"https:\/\/bodpol24.pl\/wp-content\/uploads\/2022\/06\/cropped-logo-bodpol24.png","contentUrl":"https:\/\/bodpol24.pl\/wp-content\/uploads\/2022\/06\/cropped-logo-bodpol24.png","width":512,"height":512,"caption":"BOD-POL"},"image":{"@id":"https:\/\/bodpol24.pl\/de\/#\/schema\/logo\/image\/"},"sameAs":["https:\/\/www.facebook.com\/profile.php?id=100083361699380"]}]}},"_links":{"self":[{"href":"https:\/\/bodpol24.pl\/de\/wp-json\/wp\/v2\/pages\/2130"}],"collection":[{"href":"https:\/\/bodpol24.pl\/de\/wp-json\/wp\/v2\/pages"}],"about":[{"href":"https:\/\/bodpol24.pl\/de\/wp-json\/wp\/v2\/types\/page"}],"author":[{"embeddable":true,"href":"https:\/\/bodpol24.pl\/de\/wp-json\/wp\/v2\/users\/1"}],"replies":[{"embeddable":true,"href":"https:\/\/bodpol24.pl\/de\/wp-json\/wp\/v2\/comments?post=2130"}],"version-history":[{"count":3,"href":"https:\/\/bodpol24.pl\/de\/wp-json\/wp\/v2\/pages\/2130\/revisions"}],"predecessor-version":[{"id":2133,"href":"https:\/\/bodpol24.pl\/de\/wp-json\/wp\/v2\/pages\/2130\/revisions\/2133"}],"wp:attachment":[{"href":"https:\/\/bodpol24.pl\/de\/wp-json\/wp\/v2\/media?parent=2130"}],"curies":[{"name":"wp","href":"https:\/\/api.w.org\/{rel}","templated":true}]}}