{"id":2118,"date":"2017-08-23T12:27:38","date_gmt":"2017-08-23T10:27:38","guid":{"rendered":"https:\/\/bodpol24.pl\/o-nas\/"},"modified":"2023-04-07T11:58:38","modified_gmt":"2023-04-07T09:58:38","slug":"ueber-uns","status":"publish","type":"page","link":"https:\/\/bodpol24.pl\/de\/ueber-uns\/","title":{"rendered":"\u00dcber uns"},"content":{"rendered":"<style>\/*! elementor - v3.6.5 - 27-04-2022 *\/\n.elementor-heading-title{padding:0;margin:0;line-height:1}.elementor-widget-heading .elementor-heading-title[class*=elementor-size-]>a{color:inherit;font-size:inherit;line-height:inherit}.elementor-widget-heading .elementor-heading-title.elementor-size-small{font-size:15px}.elementor-widget-heading .elementor-heading-title.elementor-size-medium{font-size:19px}.elementor-widget-heading .elementor-heading-title.elementor-size-large{font-size:29px}.elementor-widget-heading .elementor-heading-title.elementor-size-xl{font-size:39px}.elementor-widget-heading .elementor-heading-title.elementor-size-xxl{font-size:59px}<\/style>\n<h1>Wir sind eine polnische Firma, die auf Import von Industriemaschinen spezialisiert ist.<\/h1>\n<p>Wir besch\u00e4ftigen uns mit Beratung und Verkauf von Maschinen f\u00fcr Holz- und Fleischverarbeitung. Unser Erfolg besteht im Herausfinden von Produkten mit bestem Preis-Leistungs-Verh\u00e4ltnis. Die Kundenzufriedenheit steht f\u00fcr uns immer an erster Stelle.<\/p>\n<h2>Rufen Sie uns an!<\/h2>\n<p>\t\t\t<a href=\"tel:+48690800254\" role=\"button\"><br \/>\n\t\t\t\t\t\t+48 690 800 254<br \/>\n\t\t\t\t\t<\/a><\/p>\n<h2>Die Qualit\u00e4t ist am wichtigsten.<\/h2>\n<p>Von allem Anfang unserer T\u00e4tigkeit an legen wir Wert auf Qualit\u00e4t, Vielseitigkeit und effektive Durchf\u00fchrung unserer Dienstleistungen. Nie stellen wir die Ger\u00e4te bereit, deren Klasse von unseren Experten vorher nicht \u00fcberpr\u00fcft wurde. Unsere Expertenabteilung testet verschiedene Typen von Technologien. Wir arbeiten mit einer Agentur zusammen, die die Qualit\u00e4t von Produkten auf hohe Standards \u00fcberpr\u00fcft. Die Meinung unserer Kunden ist uns von gr\u00f6\u00dfter Bedeutung und hat damit Einfluss auf die Qualit\u00e4t der angebotenen Produkte.<\/p>\n<p>Das Aufbauen von Erfahrung und die Orientierung auf st\u00e4ndige Entwicklung haben uns geholfen, das Vertrauen unserer zahlreichen Kunden zu gewinnen. Dank BOD-POL wurde unseren Kunden ein leichterer Zugang zu innovativen, zuverl\u00e4ssigen Technologien, komplexem Angebot an Industriemaschinen sowie erfahrenem und leistungsf\u00e4higem Serviceteam verschafft.<\/p>\n<h2>Wodurch zeichnet sich BOD-POL aus?<\/h2>\n<link rel=\"stylesheet\" href=\"https:\/\/bodpol24.pl\/wp-content\/plugins\/elementor\/assets\/css\/widget-icon-list.min.css\">\n<ul>\n<li>\n\t\t\t\t\t\t\t\t\t\tHochqualifiziertes Personal\n\t\t\t\t\t\t\t\t\t<\/li>\n<li>\n\t\t\t\t\t\t\t\t\t\tG\u00fcnstige Preise\n\t\t\t\t\t\t\t\t\t<\/li>\n<li>\n\t\t\t\t\t\t\t\t\t\tEffektive und umfassende Durchf\u00fchrung von Dienstleistungen\n\t\t\t\t\t\t\t\t\t<\/li>\n<\/ul>\n<p lang=\"de-DE\">In Sorge um den Kunden umfasst unser Service volle Beratung, individuelle Unterst\u00fctzung sowie Hilfe bei der Auswahl von den besten Produkten. Wir bem\u00fchen uns, die L\u00f6sungen zu finden, die die erw\u00fcnschten Parameter bei relativ niedrigem Finanzaufwand gew\u00e4hrleisten. Vertrauen Sie unserer Erfahrung und genie\u00dfen Sie dabei die Einkaufsfreude!<\/p>\n<h2>Co wyr\u00f3\u017cnia BOD-POL<\/h2>\n<ul>\n<li>\n\t\t\t\t\t\t\t\t\t\tWykwalifikowany personel\n\t\t\t\t\t\t\t\t\t<\/li>\n<li>\n\t\t\t\t\t\t\t\t\t\tKonkurencyjne ceny\n\t\t\t\t\t\t\t\t\t<\/li>\n<li>\n\t\t\t\t\t\t\t\t\t\tSprawna i kompleksowa realizacja\n\t\t\t\t\t\t\t\t\t<\/li>\n<\/ul>\n<p>W trosce o dobro klienta nasza obs\u0142uga obejmuje pe\u0142ne doradztwo, indywidualne wsparcie oraz pomoc w wyborze najlepszych produkt\u00f3w. Staramy si\u0119 znajdowa\u0107 rozwi\u0105zania zapewniaj\u0105ce uzyskanie \u017c\u0105danych parametr\u00f3w przy relatywnie najni\u017cszym wk\u0142adzie finansowym. Zaufaj naszemu do\u015bwiadczeniu i spraw sobie rado\u015b\u0107 z zakup\u00f3w.<\/p>\n<h2>Unser Team ist unser Stolz<\/h2>\n<style>\/*! elementor - v3.6.5 - 27-04-2022 *\/\n.elementor-widget-image-carousel .swiper-container{position:static}.elementor-widget-image-carousel .swiper-container .swiper-slide figure{line-height:inherit}.elementor-widget-image-carousel .swiper-slide{text-align:center}.elementor-image-carousel-wrapper:not(.swiper-container-initialized) .swiper-slide{max-width:calc(100% \/ var(--e-image-carousel-slides-to-show, 3))}<\/style>\n<figure><img decoding=\"async\" src=\"https:\/\/bodpol24.pl\/wp-content\/uploads\/2022\/06\/20-768x432.jpg\" alt=\"20\" \/><\/figure>\n<figure><img decoding=\"async\" src=\"https:\/\/bodpol24.pl\/wp-content\/uploads\/2022\/06\/10-768x432.jpg\" alt=\"10\" \/><\/figure>\n<figure><img decoding=\"async\" src=\"https:\/\/bodpol24.pl\/wp-content\/uploads\/2022\/06\/8-768x432.jpg\" alt=\"8\" \/><\/figure>\n<p>Unsere Mitarbeiter sind unser gr\u00f6\u00dftes Kapital und unser ganzer Stolz. Wir schaffen einen freundlichen Arbeitsplatz. Unser Team besteht aus Menschen, die sich mit Engagement an allen T\u00e4tigkeiten der Firma beteiligen und ihren Aufgaben mit Passion und Glauben daran nachgehen, was sie tun. Unsere Position und hohe Erfolgsbilanz w\u00e4ren ohne unsere Mitarbeiter nicht m\u00f6glich. Das Wissen und die gesammelte Erfahrung erlauben uns eine sachkundige und freundliche Bedienung, was Hunderte unserer zufriedenen Kunden best\u00e4tigen.<\/p>\n<figure><img decoding=\"async\" src=\"https:\/\/bodpol24.pl\/wp-content\/uploads\/2022\/06\/20-768x432.jpg\" alt=\"20\" \/><\/figure>\n<figure><img decoding=\"async\" src=\"https:\/\/bodpol24.pl\/wp-content\/uploads\/2022\/06\/10-768x432.jpg\" alt=\"10\" \/><\/figure>\n<figure><img decoding=\"async\" src=\"https:\/\/bodpol24.pl\/wp-content\/uploads\/2022\/06\/8-768x432.jpg\" alt=\"8\" \/><\/figure>\n","protected":false},"excerpt":{"rendered":"<p>Wir sind eine polnische Firma, die auf Import von Industriemaschinen spezialisiert ist. Wir besch\u00e4ftigen uns mit Beratung und Verkauf von Maschinen f\u00fcr Holz- und Fleischverarbeitung. Unser Erfolg besteht im Herausfinden von Produkten mit bestem Preis-Leistungs-Verh\u00e4ltnis. Die Kundenzufriedenheit steht f\u00fcr uns immer an erster Stelle. Rufen Sie uns an! +48 690 800 254 Die Qualit\u00e4t ist [&hellip;]<\/p>\n","protected":false},"author":1,"featured_media":0,"parent":0,"menu_order":0,"comment_status":"closed","ping_status":"closed","template":"","meta":{"site-sidebar-layout":"no-sidebar","site-content-layout":"page-builder","ast-site-content-layout":"","site-content-style":"default","site-sidebar-style":"default","ast-global-header-display":"","ast-banner-title-visibility":"","ast-main-header-display":"","ast-hfb-above-header-display":"","ast-hfb-below-header-display":"","ast-hfb-mobile-header-display":"","site-post-title":"disabled","ast-breadcrumbs-content":"","ast-featured-img":"disabled","footer-sml-layout":"","theme-transparent-header-meta":"","adv-header-id-meta":"","stick-header-meta":"","header-above-stick-meta":"","header-main-stick-meta":"","header-below-stick-meta":"","astra-migrate-meta-layouts":"default","ast-page-background-enabled":"default","ast-page-background-meta":{"desktop":{"background-color":"","background-image":"","background-repeat":"repeat","background-position":"center center","background-size":"auto","background-attachment":"scroll","background-type":"","background-media":"","overlay-type":"","overlay-color":"","overlay-opacity":"","overlay-gradient":""},"tablet":{"background-color":"","background-image":"","background-repeat":"repeat","background-position":"center center","background-size":"auto","background-attachment":"scroll","background-type":"","background-media":"","overlay-type":"","overlay-color":"","overlay-opacity":"","overlay-gradient":""},"mobile":{"background-color":"","background-image":"","background-repeat":"repeat","background-position":"center center","background-size":"auto","background-attachment":"scroll","background-type":"","background-media":"","overlay-type":"","overlay-color":"","overlay-opacity":"","overlay-gradient":""}},"ast-content-background-meta":{"desktop":{"background-color":"var(--ast-global-color-5)","background-image":"","background-repeat":"repeat","background-position":"center center","background-size":"auto","background-attachment":"scroll","background-type":"","background-media":"","overlay-type":"","overlay-color":"","overlay-opacity":"","overlay-gradient":""},"tablet":{"background-color":"var(--ast-global-color-5)","background-image":"","background-repeat":"repeat","background-position":"center center","background-size":"auto","background-attachment":"scroll","background-type":"","background-media":"","overlay-type":"","overlay-color":"","overlay-opacity":"","overlay-gradient":""},"mobile":{"background-color":"var(--ast-global-color-5)","background-image":"","background-repeat":"repeat","background-position":"center center","background-size":"auto","background-attachment":"scroll","background-type":"","background-media":"","overlay-type":"","overlay-color":"","overlay-opacity":"","overlay-gradient":""}},"footnotes":""},"class_list":["post-2118","page","type-page","status-publish","hentry"],"yoast_head":"<!-- This site is optimized with the Yoast SEO Premium plugin v23.9 (Yoast SEO v25.6) - https:\/\/yoast.com\/wordpress\/plugins\/seo\/ -->\n<title>\u00dcber uns - BOD-POL<\/title>\n<meta name=\"robots\" content=\"index, follow, max-snippet:-1, max-image-preview:large, max-video-preview:-1\" \/>\n<link rel=\"canonical\" href=\"https:\/\/bodpol24.pl\/de\/ueber-uns\/\" \/>\n<meta property=\"og:locale\" content=\"de_DE\" \/>\n<meta property=\"og:type\" content=\"article\" \/>\n<meta property=\"og:title\" content=\"\u00dcber uns\" \/>\n<meta property=\"og:description\" content=\"Wir sind eine polnische Firma, die auf Import von Industriemaschinen spezialisiert ist. Wir besch\u00e4ftigen uns mit Beratung und Verkauf von Maschinen f\u00fcr Holz- und Fleischverarbeitung. Unser Erfolg besteht im Herausfinden von Produkten mit bestem Preis-Leistungs-Verh\u00e4ltnis. Die Kundenzufriedenheit steht f\u00fcr uns immer an erster Stelle. Rufen Sie uns an! +48 690 800 254 Die Qualit\u00e4t ist [&hellip;]\" \/>\n<meta property=\"og:url\" content=\"https:\/\/bodpol24.pl\/de\/ueber-uns\/\" \/>\n<meta property=\"og:site_name\" content=\"BOD-POL\" \/>\n<meta property=\"article:publisher\" content=\"https:\/\/www.facebook.com\/profile.php?id=100083361699380\" \/>\n<meta property=\"article:modified_time\" content=\"2023-04-07T09:58:38+00:00\" \/>\n<meta property=\"og:image\" content=\"https:\/\/bodpol24.pl\/wp-content\/uploads\/2022\/06\/20-768x432.jpg\" \/>\n<meta name=\"twitter:card\" content=\"summary_large_image\" \/>\n<meta name=\"twitter:label1\" content=\"Gesch\u00e4tzte Lesezeit\" \/>\n\t<meta name=\"twitter:data1\" content=\"4\u00a0Minuten\" \/>\n<script type=\"application\/ld+json\" class=\"yoast-schema-graph\">{\"@context\":\"https:\/\/schema.org\",\"@graph\":[{\"@type\":\"WebPage\",\"@id\":\"https:\/\/bodpol24.pl\/de\/ueber-uns\/\",\"url\":\"https:\/\/bodpol24.pl\/de\/ueber-uns\/\",\"name\":\"\u00dcber uns - BOD-POL\",\"isPartOf\":{\"@id\":\"https:\/\/bodpol24.pl\/de\/#website\"},\"primaryImageOfPage\":{\"@id\":\"https:\/\/bodpol24.pl\/de\/ueber-uns\/#primaryimage\"},\"image\":{\"@id\":\"https:\/\/bodpol24.pl\/de\/ueber-uns\/#primaryimage\"},\"thumbnailUrl\":\"https:\/\/bodpol24.pl\/wp-content\/uploads\/2022\/06\/20-768x432.jpg\",\"datePublished\":\"2017-08-23T10:27:38+00:00\",\"dateModified\":\"2023-04-07T09:58:38+00:00\",\"breadcrumb\":{\"@id\":\"https:\/\/bodpol24.pl\/de\/ueber-uns\/#breadcrumb\"},\"inLanguage\":\"de\",\"potentialAction\":[{\"@type\":\"ReadAction\",\"target\":[\"https:\/\/bodpol24.pl\/de\/ueber-uns\/\"]}]},{\"@type\":\"ImageObject\",\"inLanguage\":\"de\",\"@id\":\"https:\/\/bodpol24.pl\/de\/ueber-uns\/#primaryimage\",\"url\":\"https:\/\/bodpol24.pl\/wp-content\/uploads\/2022\/06\/20-768x432.jpg\",\"contentUrl\":\"https:\/\/bodpol24.pl\/wp-content\/uploads\/2022\/06\/20-768x432.jpg\"},{\"@type\":\"BreadcrumbList\",\"@id\":\"https:\/\/bodpol24.pl\/de\/ueber-uns\/#breadcrumb\",\"itemListElement\":[{\"@type\":\"ListItem\",\"position\":1,\"name\":\"Strona g\u0142\u00f3wna\",\"item\":\"https:\/\/bodpol24.pl\/de\/sklep-online\/\"},{\"@type\":\"ListItem\",\"position\":2,\"name\":\"\u00dcber uns\"}]},{\"@type\":\"WebSite\",\"@id\":\"https:\/\/bodpol24.pl\/de\/#website\",\"url\":\"https:\/\/bodpol24.pl\/de\/\",\"name\":\"BOD-POL\",\"description\":\"Maszyny dla twojej firmy\",\"publisher\":{\"@id\":\"https:\/\/bodpol24.pl\/de\/#organization\"},\"potentialAction\":[{\"@type\":\"SearchAction\",\"target\":{\"@type\":\"EntryPoint\",\"urlTemplate\":\"https:\/\/bodpol24.pl\/de\/?s={search_term_string}\"},\"query-input\":{\"@type\":\"PropertyValueSpecification\",\"valueRequired\":true,\"valueName\":\"search_term_string\"}}],\"inLanguage\":\"de\"},{\"@type\":\"Organization\",\"@id\":\"https:\/\/bodpol24.pl\/de\/#organization\",\"name\":\"BOD-POL\",\"url\":\"https:\/\/bodpol24.pl\/de\/\",\"logo\":{\"@type\":\"ImageObject\",\"inLanguage\":\"de\",\"@id\":\"https:\/\/bodpol24.pl\/de\/#\/schema\/logo\/image\/\",\"url\":\"https:\/\/bodpol24.pl\/wp-content\/uploads\/2022\/06\/cropped-logo-bodpol24.png\",\"contentUrl\":\"https:\/\/bodpol24.pl\/wp-content\/uploads\/2022\/06\/cropped-logo-bodpol24.png\",\"width\":512,\"height\":512,\"caption\":\"BOD-POL\"},\"image\":{\"@id\":\"https:\/\/bodpol24.pl\/de\/#\/schema\/logo\/image\/\"},\"sameAs\":[\"https:\/\/www.facebook.com\/profile.php?id=100083361699380\"]}]}<\/script>\n<!-- \/ Yoast SEO Premium plugin. -->","yoast_head_json":{"title":"\u00dcber uns - BOD-POL","robots":{"index":"index","follow":"follow","max-snippet":"max-snippet:-1","max-image-preview":"max-image-preview:large","max-video-preview":"max-video-preview:-1"},"canonical":"https:\/\/bodpol24.pl\/de\/ueber-uns\/","og_locale":"de_DE","og_type":"article","og_title":"\u00dcber uns","og_description":"Wir sind eine polnische Firma, die auf Import von Industriemaschinen spezialisiert ist. Wir besch\u00e4ftigen uns mit Beratung und Verkauf von Maschinen f\u00fcr Holz- und Fleischverarbeitung. Unser Erfolg besteht im Herausfinden von Produkten mit bestem Preis-Leistungs-Verh\u00e4ltnis. Die Kundenzufriedenheit steht f\u00fcr uns immer an erster Stelle. Rufen Sie uns an! +48 690 800 254 Die Qualit\u00e4t ist [&hellip;]","og_url":"https:\/\/bodpol24.pl\/de\/ueber-uns\/","og_site_name":"BOD-POL","article_publisher":"https:\/\/www.facebook.com\/profile.php?id=100083361699380","article_modified_time":"2023-04-07T09:58:38+00:00","og_image":[{"url":"https:\/\/bodpol24.pl\/wp-content\/uploads\/2022\/06\/20-768x432.jpg","type":"","width":"","height":""}],"twitter_card":"summary_large_image","twitter_misc":{"Gesch\u00e4tzte Lesezeit":"4\u00a0Minuten"},"schema":{"@context":"https:\/\/schema.org","@graph":[{"@type":"WebPage","@id":"https:\/\/bodpol24.pl\/de\/ueber-uns\/","url":"https:\/\/bodpol24.pl\/de\/ueber-uns\/","name":"\u00dcber uns - BOD-POL","isPartOf":{"@id":"https:\/\/bodpol24.pl\/de\/#website"},"primaryImageOfPage":{"@id":"https:\/\/bodpol24.pl\/de\/ueber-uns\/#primaryimage"},"image":{"@id":"https:\/\/bodpol24.pl\/de\/ueber-uns\/#primaryimage"},"thumbnailUrl":"https:\/\/bodpol24.pl\/wp-content\/uploads\/2022\/06\/20-768x432.jpg","datePublished":"2017-08-23T10:27:38+00:00","dateModified":"2023-04-07T09:58:38+00:00","breadcrumb":{"@id":"https:\/\/bodpol24.pl\/de\/ueber-uns\/#breadcrumb"},"inLanguage":"de","potentialAction":[{"@type":"ReadAction","target":["https:\/\/bodpol24.pl\/de\/ueber-uns\/"]}]},{"@type":"ImageObject","inLanguage":"de","@id":"https:\/\/bodpol24.pl\/de\/ueber-uns\/#primaryimage","url":"https:\/\/bodpol24.pl\/wp-content\/uploads\/2022\/06\/20-768x432.jpg","contentUrl":"https:\/\/bodpol24.pl\/wp-content\/uploads\/2022\/06\/20-768x432.jpg"},{"@type":"BreadcrumbList","@id":"https:\/\/bodpol24.pl\/de\/ueber-uns\/#breadcrumb","itemListElement":[{"@type":"ListItem","position":1,"name":"Strona g\u0142\u00f3wna","item":"https:\/\/bodpol24.pl\/de\/sklep-online\/"},{"@type":"ListItem","position":2,"name":"\u00dcber uns"}]},{"@type":"WebSite","@id":"https:\/\/bodpol24.pl\/de\/#website","url":"https:\/\/bodpol24.pl\/de\/","name":"BOD-POL","description":"Maszyny dla twojej firmy","publisher":{"@id":"https:\/\/bodpol24.pl\/de\/#organization"},"potentialAction":[{"@type":"SearchAction","target":{"@type":"EntryPoint","urlTemplate":"https:\/\/bodpol24.pl\/de\/?s={search_term_string}"},"query-input":{"@type":"PropertyValueSpecification","valueRequired":true,"valueName":"search_term_string"}}],"inLanguage":"de"},{"@type":"Organization","@id":"https:\/\/bodpol24.pl\/de\/#organization","name":"BOD-POL","url":"https:\/\/bodpol24.pl\/de\/","logo":{"@type":"ImageObject","inLanguage":"de","@id":"https:\/\/bodpol24.pl\/de\/#\/schema\/logo\/image\/","url":"https:\/\/bodpol24.pl\/wp-content\/uploads\/2022\/06\/cropped-logo-bodpol24.png","contentUrl":"https:\/\/bodpol24.pl\/wp-content\/uploads\/2022\/06\/cropped-logo-bodpol24.png","width":512,"height":512,"caption":"BOD-POL"},"image":{"@id":"https:\/\/bodpol24.pl\/de\/#\/schema\/logo\/image\/"},"sameAs":["https:\/\/www.facebook.com\/profile.php?id=100083361699380"]}]}},"_links":{"self":[{"href":"https:\/\/bodpol24.pl\/de\/wp-json\/wp\/v2\/pages\/2118"}],"collection":[{"href":"https:\/\/bodpol24.pl\/de\/wp-json\/wp\/v2\/pages"}],"about":[{"href":"https:\/\/bodpol24.pl\/de\/wp-json\/wp\/v2\/types\/page"}],"author":[{"embeddable":true,"href":"https:\/\/bodpol24.pl\/de\/wp-json\/wp\/v2\/users\/1"}],"replies":[{"embeddable":true,"href":"https:\/\/bodpol24.pl\/de\/wp-json\/wp\/v2\/comments?post=2118"}],"version-history":[{"count":4,"href":"https:\/\/bodpol24.pl\/de\/wp-json\/wp\/v2\/pages\/2118\/revisions"}],"predecessor-version":[{"id":2123,"href":"https:\/\/bodpol24.pl\/de\/wp-json\/wp\/v2\/pages\/2118\/revisions\/2123"}],"wp:attachment":[{"href":"https:\/\/bodpol24.pl\/de\/wp-json\/wp\/v2\/media?parent=2118"}],"curies":[{"name":"wp","href":"https:\/\/api.w.org\/{rel}","templated":true}]}}